{"id":2736,"date":"2020-11-11T15:33:10","date_gmt":"2020-11-11T15:33:10","guid":{"rendered":"https:\/\/asanacreatives.com\/?page_id=2736"},"modified":"2025-06-23T13:44:09","modified_gmt":"2025-06-23T13:44:09","slug":"polityka-prywatnosci","status":"publish","type":"page","link":"https:\/\/asanacreatives.com\/en\/polityka-prywatnosci\/","title":{"rendered":"Polityka prywatno\u015bci"},"content":{"rendered":"<div class=\"wpb-content-wrapper\"><div class=\"vc_row wpb_row vc_row-fluid\"><div class=\"wpb_column vc_column_container vc_col-sm-12\"><div class=\"vc_column-inner\"><div class=\"wpb_wrapper\">\n\t<div class=\"wpb_text_column wpb_content_element\" >\n\t\t<div class=\"wpb_wrapper\">\n\t\t\t<h1><b>POLITYKA PRYWATNO\u015aCI SERWISU<\/b><\/h1>\n<p><span style=\"font-weight: 400;\">www.asanacreatives.com<\/span><\/p>\n<p>&nbsp;<\/p>\n<p><b>Ochrona prywatno\u015bci U\u017cytkownik\u00f3w jest dla firmy Dorota Golian Asana Creatives szczeg\u00f3lnie wa\u017cna. Z tego wzgl\u0119du U\u017cytkownicy Serwisu www.asanacreatives.com maj\u0105 zagwarantowane wysokie standardy ochrony prywatno\u015bci. \u00a0Dorota Golian Asana Creatives jako administrator danych dba<\/b><\/p>\n<p><b>o bezpiecze\u0144stwo udost\u0119pnionych przez U\u017cytkownik\u00f3w danych.<\/b><\/p>\n<p><b>Celem Administratora jest r\u00f3wnie\u017c nale\u017cyte informowanie U\u017cytkownik\u00f3w o prawach<\/b><\/p>\n<p><b>i obowi\u0105zkach zwi\u0105zanych z przetwarzaniem danych osobowych, szczeg\u00f3lnie wobec tre\u015bci przepis\u00f3w o ochronie danych osobowych okre\u015blonych w rozporz\u0105dzeniu Parlamentu Europejskiego i Rady (UE) 2016\/679 z dnia 27.04.2016r. w sprawie ochrony os\u00f3b fizycznych w zwi\u0105zku z przetwarzaniem danych osobowych i w sprawie swobodnego przep\u0142ywu takich danych oraz uchylenia dyrektywy 95\/46\/WE (dalej jako \u201eRODO\u201d). Dlatego te\u017c, dbaj\u0105c<\/b><\/p>\n<p><b>o ochron\u0119 prywatno\u015bci U\u017cytkownik\u00f3w Serwisu, w niniejszym dokumencie Administrator informuje o podstawach prawnych przetwarzania danych osobowych przekazanych przez U\u017cytkownik\u00f3w w zwi\u0105zku z korzystaniem przez nich z Serwisu www.asanacreatives.com (dalej jako \u201eSerwis\u201d), sposobach zbierania, przetwarzania i ochrony danych osobowych,<\/b><\/p>\n<p><b>a tak\u017ce o prawach U\u017cytkownik\u00f3w.<\/b><\/p>\n<p><b>U\u017cytkownikiem jest ka\u017cda osoba fizyczna, kt\u00f3rej dane dotycz\u0105, korzystaj\u0105ca z serwisu internetowego www.euvoriapl lub us\u0142ug elektronicznych dost\u0119pnych za po\u015brednictwem Serwisu.<\/b><\/p>\n<p><b>Administratorem danych osobowych udost\u0119pnionych przez U\u017cytkownika w Serwisie www.asanacreatives.com jest \u00a0Dorota Golian, ul. Lipowa 38, 21-040 Kalin\u00f3wka \u00a0NIP <\/b><b>7133042538<\/b><b>, REGON <\/b> <a>387074837<\/a><b> \u00a0(dalej jako \u201eAdministrator\u201d).<\/b><\/p>\n<p><b>ZGODA U\u017bYTKOWNIKA<\/b><\/p>\n<p><b>Korzystanie z Serwisu www.asanacreatives.com przez U\u017cytkownika oznacza, \u017ce U\u017cytkownik akceptuje, \u017ce Administrator gromadzi oraz wykorzystuje dane osobowe zgodnie z niniejsz\u0105 Polityk\u0105 Prywatno\u015bci.<\/b><\/p>\n<p><b>Dane osobowe U\u017cytkownika Serwisu s\u0105 przetwarzane przez Administratora w oparciu o jego zgod\u0119, za\u015b w niekt\u00f3rych przypadkach opisanych w niniejszym dokumencie,<\/b><\/p>\n<p><b>w ramach prawnie uzasadnionego interesu Administratora. U\u017cytkownik ma prawo<\/b><\/p>\n<p><b>w dowolnym momencie wycofa\u0107 wyra\u017con\u0105 wcze\u015bniej zgod\u0119. Wycofanie zgody nie wp\u0142ywa na zgodno\u015b\u0107 z prawem przetwarzania, kt\u00f3rego dokonano na podstawie zgody przed jej wycofaniem.<\/b><\/p>\n<p><b>W przypadku, gdy nast\u0105pi zmiana niniejszej Polityki Prywatno\u015bci, a U\u017cytkownik nadal b\u0119dzie korzysta\u0142 z Serwisu, to poczytuje si\u0119 to za wyra\u017cenie zgody na aktualne warunki Polityki Prywatno\u015bci.<\/b><\/p>\n<p><b>DANE OSOBOWE PRZETWARZANE PRZEZ ADMINISTRATORA<\/b><\/p>\n<p><b>Spos\u00f3b pozyskiwania danych osobowych<\/b><\/p>\n<p><b>Administrator pozyskuje dane osobowe bezpo\u015brednio od U\u017cytkownika za po\u015brednictwem Serwisu, poprzez wype\u0142nienie przez U\u017cytkownika formularza kontaktowego dost\u0119pnego w Serwisie i przes\u0142anie za jego po\u015brednictwem wiadomo\u015bci do Administratora.<\/b><\/p>\n<p><b>Podanie danych osobowych zawartych w formularzu kontaktowym jest dobrowolne<\/b><\/p>\n<p><b>Rodzaje przetwarzanych danych osobowych<\/b><\/p>\n<p><b>Administrator gromadzi za po\u015brednictwem Serwisu nast\u0119puj\u0105ce dane osobowe dotycz\u0105ce U\u017cytkownika:<\/b><\/p>\n<p><b>Imi\u0119 i nazwisko;<\/b><\/p>\n<p><b>Adres e-mail;<\/b><\/p>\n<p><b>Tre\u015b\u0107 wiadomo\u015bci.<\/b><\/p>\n<p><b>CELE PRZETWARZANIA DANYCH OSOBOWYCH<\/b><\/p>\n<p><b>Spos\u00f3b przetwarzania przez Administratora danych dotycz\u0105cych U\u017cytkownika zale\u017cy od sposobu korzystania przez U\u017cytkownika z Serwisu i dost\u0119pnych w nim funkcjonalno\u015bci. Administrator przetwarza dane osobowe U\u017cytkownika<\/b><\/p>\n<p><b>w nast\u0119puj\u0105cych celach:<\/b><\/p>\n<p><b>Komunikacji z U\u017cytkownikiem.<\/b><\/p>\n<p><b>Administrator wykorzystuje dane osobowe U\u017cytkownika w celu komunikacji<\/b><\/p>\n<p><b>z nim w spersonalizowany spos\u00f3b. Komunikowane U\u017cytkownikowi informacje dotycz\u0105 oferowanych produkt\u00f3w lub us\u0142ug, bezpiecze\u0144stwa danych osobowych, aktualizacji sieci, przypomnie\u0144, ale r\u00f3wnie\u017c sugerowanych ofert Administratora lub jego partner\u00f3w. Komunikacja z U\u017cytkownikiem dotyczy tak\u017ce obs\u0142ugi U\u017cytkownika. Dane osobowe wykorzystywane s\u0105 w celu pomocy U\u017cytkownikowi, rozwi\u0105zaniu problem\u00f3w technicznych oraz odpowiedzi na jego skargi lub reklamacje.<\/b><\/p>\n<p><b>Przedstawiania U\u017cytkownikowi ofert handlowych drog\u0105 elektroniczn\u0105.<\/b><\/p>\n<p><b>Celem korzystania z danych osobowych U\u017cytkownika udost\u0119pnionych przez niego za po\u015brednictwem formularza kontaktowego dost\u0119pnego w Serwisie jest komunikacja marketingowa prowadzona przez Administratora w ramach prowadzonej dzia\u0142alno\u015bci, w szczeg\u00f3lno\u015bci przedstawianie ofert handlowych U\u017cytkownikowi drog\u0105 elektroniczn\u0105.<\/b><\/p>\n<p><b>Przedstawiania U\u017cytkownikowi ofert handlowych w kontakcie telefonicznym.<\/b><\/p>\n<p><b>Celem korzystania z danych osobowych U\u017cytkownika udost\u0119pnionych przez niego za po\u015brednictwem formularza kontaktowego dost\u0119pnego w Serwisie jest komunikacja marketingowa prowadzona przez Administratora w ramach prowadzonej dzia\u0142alno\u015bci, w szczeg\u00f3lno\u015bci poprzez przedstawianie ofert handlowych U\u017cytkownikowi w kontakcie telefonicznym.<\/b><\/p>\n<p><b>Umo\u017cliwienia przesy\u0142ania przez U\u017cytkownika komentarzy lub opinii.<\/b><\/p>\n<p><b>Administrator wykorzystuje dane osobowe U\u017cytkownika w celu umo\u017cliwienia mu komentowania\/opiniowania dzia\u0142alno\u015bci, us\u0142ug lub produkt\u00f3w Administratora lub podmiot\u00f3w z nim wsp\u00f3\u0142pracuj\u0105cych.<\/b><\/p>\n<p><b>Administrator mo\u017ce przetwarza\u0107 dane osobowe U\u017cytkownika podane w formularzu kontaktowym r\u00f3wnie\u017c w nast\u0119puj\u0105cych celach:<\/b><\/p>\n<p><b>w celu zawarcia i realizacji ewentualnej umowy pomi\u0119dzy U\u017cytkownikiem<\/b><\/p>\n<p><b>a Administratorem oraz obs\u0142ugi U\u017cytkownika jako klienta Administratora zgodnie z art. 6 ust. 1 lit. b) RODO;<\/b><\/p>\n<p><b>w celu prowadzenia rozlicze\u0144 finansowych z U\u017cytkownikiem b\u0119d\u0105cym klientem Administratora tytu\u0142em realizacji ewentualnej umowy zawartej mi\u0119dzy stronami, a tak\u017ce ewentualnego dochodzenia roszcze\u0144 od U\u017cytkownika b\u0119d\u0105cego klientem w ramach prawnie uzasadnionego interesu Administratora zgodnie z art. 6 ust. 1 lit. f) RODO oraz spe\u0142nienia obowi\u0105zk\u00f3w prawnych Administratora wobec organ\u00f3w podatkowych na podstawie odr\u0119bnych przepis\u00f3w zgodnie z art. 6 ust. 1 lit. c) RODO;<\/b><\/p>\n<p><b>w celu realizacji dzia\u0142a\u0144 marketingowych Administratora w ramach prawnie uzasadnionego interesu Administratora w rozumieniu art. 6 ust. 1 lit. f) RODO, a tak\u017ce zgodnie z o\u015bwiadczeniami woli dotycz\u0105cymi komunikacji marketingowej z\u0142o\u017conymi wobec Administratora. Zgody udzielone w zakresie komunikacji marketingowej (np. na przesy\u0142anie informacji handlowych drog\u0105 elektroniczn\u0105 lub kontakt telefoniczny w celach marketingu bezpo\u015bredniego) mog\u0105 by\u0107 wycofane w dowolnym czasie, bez wp\u0142ywu na zgodno\u015b\u0107 z prawem przetwarzania, kt\u00f3rego dokonano na podstawie zgody przed jej cofni\u0119ciem;<\/b><\/p>\n<p><b>w celu realizacji obowi\u0105zk\u00f3w prawnych Administratora wobec U\u017cytkownika okre\u015blonych w RODO, w rozumieniu art. 6 ust. 1 lit. c) RODO.<\/b><\/p>\n<p><b>UDOST\u0118PNIANIE DANYCH OSOBOWYCH<\/b><\/p>\n<p><b>Dane osobowe U\u017cytkownika s\u0105 lub mog\u0105 by\u0107 przekazywane nast\u0119puj\u0105cym kategoriom odbiorc\u00f3w:<\/b><\/p>\n<p><b>dostawcom us\u0142ug reklamowych lub marketingowych,<\/b><\/p>\n<p><b>zewn\u0119trznym firmom sprzeda\u017cowym,<\/b><\/p>\n<p><b>PRAWA U\u017bYTKOWNIKA<\/b><\/p>\n<p><b>Prawa U\u017cytkownika<\/b><\/p>\n<p><b>U\u017cytkownik na ka\u017cdym etapie przetwarzania jego danych zapewniony ma szereg uprawnie\u0144 pozwalaj\u0105cych mu uzyska\u0107 dost\u0119p do swoich danych, weryfikacj\u0119 prawid\u0142owo\u015bci przetwarzania danych, ich korekt\u0119, jak r\u00f3wnie\u017c ma prawo zg\u0142oszenia sprzeciwu wobec ich przetwarzania, mo\u017ce \u017c\u0105da\u0107 usuni\u0119cia danych, ograniczenia przetwarzania lub przeniesienia danych.<\/b><\/p>\n<p><b>W przypadku ch\u0119ci skorzystania przez U\u017cytkownika z przys\u0142uguj\u0105cych mu praw jako podmiotu danych osobowych, mo\u017ce on si\u0119 skontaktowa\u0107<\/b><\/p>\n<p><b>z Administratorem za pomoc\u0105 nast\u0119puj\u0105cych danych kontaktowych: Dorota Golian Asana Creatives, ul. Lipowa 38, 21-040 Kalin\u00f3wka, hello@asanacreatives.com<\/b><\/p>\n<p><b>Administrator wyznaczy\u0142 Inspektora Ochrony Danych, z kt\u00f3rym mo\u017cna si\u0119 kontaktowa\u0107 pod nast\u0119puj\u0105cym adresem: asana.creatives.store@gmail.com<\/b><\/p>\n<p><b>Prawo wniesienia skargi do organu nadzorczego<\/b><\/p>\n<p><b>U\u017cytkownik, kt\u00f3rego dane osobowe s\u0105 przetwarzane przez Administratora ma prawo wnie\u015b\u0107 skarg\u0119 do organu nadzoru w\u0142a\u015bciwego w sprawach ochrony danych osobowych (Prezesa Urz\u0119du Ochrony Danych Osobowych).<\/b><\/p>\n<p><b>PLIKI COOKIES<\/b><\/p>\n<p><b>Administrator informuje, i\u017c podczas korzystania z Serwisu w urz\u0105dzeniu ko\u0144cowym U\u017cytkownika zapisywane s\u0105 kr\u00f3tkie informacje tekstowe zwane \u201ecookies\u201d. Pliki \u201ecookies\u201d zawieraj\u0105 takie dane informatyczne jak: adres IP dotycz\u0105cy U\u017cytkownika, nazwa strony internetowej, z kt\u00f3rej pochodz\u0105, czas przechowywania ich na urz\u0105dzeniu ko\u0144cowym U\u017cytkownika, zapis parametr\u00f3w i statystyki oraz unikalny numer. Pliki \u201ecookies\u201d s\u0105 kierowane do serwera Serwisu za po\u015brednictwem przegl\u0105darki internetowej zainstalowanej<\/b><\/p>\n<p><b>w urz\u0105dzeniu ko\u0144cowym U\u017cytkownika. Pliki \u201ecookies\u201d wykorzystywane s\u0105<\/b><\/p>\n<p><b>w Serwisie w celu:<\/b><\/p>\n<p><b>utrzymania technicznej poprawno\u015bci i ci\u0105g\u0142o\u015bci sesji pomi\u0119dzy serwerem Serwisu, a urz\u0105dzeniem ko\u0144cowym U\u017cytkownika;<\/b><\/p>\n<p><b>optymalizacji korzystania przez U\u017cytkownika ze stron internetowych Serwisu i dostosowania sposobu ich wy\u015bwietlania na urz\u0105dzeniu ko\u0144cowym U\u017cytkownika;<\/b><\/p>\n<p><b>zapewnienia bezpiecze\u0144stwa korzystania z Serwisu;<\/b><\/p>\n<p><b>zbierania statystyk odwiedzin stron Serwisu wspieraj\u0105cych ulepszanie ich struktury i zawarto\u015bci;<\/b><\/p>\n<p><b>wy\u015bwietlania na urz\u0105dzeniu ko\u0144cowym U\u017cytkownika tre\u015bci reklamowych optymalnie dostosowanych do jego preferencji.<\/b><\/p>\n<p><b>W ramach Serwisu stosowane s\u0105 dwa rodzaje plik\u00f3w \u201ecookies\u201d: \u201esesyjne\u201d oraz \u201esta\u0142e\u201d. \u201eSesyjne\u201d pliki \u201ecookies\u201d s\u0105 plikami ulegaj\u0105cymi automatycznemu usuni\u0119ciu z urz\u0105dzenia ko\u0144cowego U\u017cytkownika Serwisu po jego wylogowaniu z Serwisu lub po opuszczeniu przez niego stron internetowych Serwisu lub po wy\u0142\u0105czeniu przegl\u0105darki internetowej. \u201eSta\u0142e\u201d pliki \u201ecookies\u201d przechowywane s\u0105 w urz\u0105dzeniu ko\u0144cowym U\u017cytkownika przez czas okre\u015blony w parametrach plik\u00f3w \u201ecookies\u201d lub do czasu ich usuni\u0119cia przez U\u017cytkownika. \u201eSta\u0142e\u201d pliki \u201ecookies\u201d instalowane s\u0105 w urz\u0105dzeniu ko\u0144cowym U\u017cytkownika wy\u0142\u0105cznie za jego zgod\u0105.<\/b><\/p>\n<p><b>Administrator informuje, \u017ce:<\/b><\/p>\n<p><b>przegl\u0105darki internetowe domy\u015blnie akceptuj\u0105 instalowanie plik\u00f3w \u201ecookies\u201d w urz\u0105dzeniu ko\u0144cowym U\u017cytkownika. Ka\u017cdy U\u017cytkownik Serwisu mo\u017ce dokona\u0107 w dowolnym czasie zmiany ustawie\u0144 dotycz\u0105cych plik\u00f3w \u201ecookies\u201d w u\u017cywanej przez niego przegl\u0105darce internetowej w taki spos\u00f3b, aby przegl\u0105darka automatycznie blokowa\u0142a obs\u0142ug\u0119 plik\u00f3w \u201ecookies\u201d, b\u0105d\u017a informowa\u0142a U\u017cytkownika<\/b><\/p>\n<p><b>o ich ka\u017cdorazowym zamieszczeniu w jego urz\u0105dzeniu ko\u0144cowym. Szczeg\u00f3\u0142owe informacje o mo\u017cliwo\u015bci i sposobach obs\u0142ugi plik\u00f3w \u201ecookies\u201d dost\u0119pne s\u0105 w ustawieniach przegl\u0105darki internetowej stosowanej przez U\u017cytkownika Serwisu.<\/b><\/p>\n<p><b>ograniczenie stosowania plik\u00f3w \u201ecookies\u201d przez U\u017cytkownika mo\u017ce ujemnie wp\u0142yn\u0105\u0107 na poprawno\u015b\u0107 i ci\u0105g\u0142o\u015b\u0107 \u015bwiadczenia Us\u0142ug<\/b><\/p>\n<p><b>w Serwisie.<\/b><\/p>\n<p><b>Pliki \u201ecookies\u201d zainstalowane w urz\u0105dzeniu ko\u0144cowym U\u017cytkownika Serwisu mog\u0105 by\u0107 wykorzystywane przez wsp\u00f3\u0142pracuj\u0105cych z Administratorem reklamodawc\u00f3w lub partner\u00f3w biznesowych. Pliki \u201ecookies\u201d mo\u017cna uzna\u0107 za dane osobowe jedynie w powi\u0105zaniu z innymi danymi identyfikuj\u0105cymi to\u017csamo\u015b\u0107, udost\u0119pnionymi Administratorowi przez U\u017cytkownika w ramach korzystania z Serwisu. Dost\u0119p do plik\u00f3w \u201ecookies\u201d przetwarzanych przez serwer Serwisu posiada wy\u0142\u0105cznie Administrator. Je\u015bli U\u017cytkownik nie zgadza si\u0119 na zapisywanie i odbieranie informacji w plikach \u201ecookies\u201d, mo\u017ce zmieni\u0107 zasady dotycz\u0105ce plik\u00f3w \u201ecookies\u201d za pomoc\u0105 ustawie\u0144 swojej przegl\u0105darki internetowej.<\/b><\/p>\n<p><b>INNE WA\u017bNE INFORMACJE<\/b><\/p>\n<p><b>Ochrona bezpiecze\u0144stwa danych osobowych<\/b><\/p>\n<p><b>Administrator wprowadza odpowiednie \u015brodki maj\u0105ce na celu zapewnienie bezpiecze\u0144stwa danych osobowych U\u017cytkownika. Bezpieczne korzystanie<\/b><\/p>\n<p><b>z Serwisu zapewniaj\u0105 stosowane systemy oraz procedury chroni\u0105ce przed dost\u0119pem oraz ujawnieniem danych osobom niepo\u017c\u0105danym. Ponadto stosowane przez Administratora systemy oraz procesy s\u0105 regularnie monitorowane w celu wykrycia ewentualnych zagro\u017ce\u0144. Pozyskane przez Administratora dane osobowe przechowywane s\u0105 w systemach komputerowych, do kt\u00f3rych dost\u0119p jest \u015bci\u015ble ograniczony.<\/b><\/p>\n<p><b>Przechowywanie danych osobowych<\/b><\/p>\n<p><b>Okres przechowywania danych osobowych U\u017cytkownik\u00f3w uzale\u017cniony jest od cel\u00f3w przetwarzania przez Administratora danych. Administrator przechowuje dane osobowe przez taki okres, jaki jest konieczny do osi\u0105gni\u0119cia okre\u015blonych cel\u00f3w, tj.:<\/b><\/p>\n<p><b>przez okres prowadzenia dzia\u0142alno\u015bci gospodarczej przez Administratora.<\/b><\/p>\n<p><b>W ka\u017cdym z powy\u017cszych przypadk\u00f3w, po up\u0142ywie niezb\u0119dnego okresu przetwarzania, dane mog\u0105 by\u0107 przetwarzane tylko w celu dochodzenia roszcze\u0144 na tle \u0142\u0105cz\u0105cych strony relacji do czasu ostatecznego rozstrzygni\u0119cia tych roszcze\u0144 na drodze prawnej.<\/b><\/p>\n<p><b>Zmiany Polityki prywatno\u015bci<\/b><\/p>\n<p><b>W celu uaktualnienia informacji zawartych w niniejszej Polityce prywatno\u015bci oraz jej zgodno\u015bci z obowi\u0105zuj\u0105cymi przepisami prawa, niniejsza Polityka prywatno\u015bci mo\u017ce ulec zmianie. W przypadku zmiany tre\u015bci Polityki prywatno\u015bci, zmieniona zostanie data jej aktualizacji wskazana na ko\u0144cu jej tekstu. W celu zasi\u0119gni\u0119cia informacji o sposobie ochrony danych osobowych, Administrator rekomenduje U\u017cytkownikom regularne zapoznawanie si\u0119<\/b><\/p>\n<p><b>z postanowieniami Polityki Prywatno\u015bci.<\/b><\/p>\n<p><b>Informacje kontaktowe<\/b><\/p>\n<p><b>W celu uzyskania jakichkolwiek informacji dotycz\u0105cych niniejszej Polityki Prywatno\u015bci, U\u017cytkownik mo\u017ce skontaktowa\u0107 si\u0119 z Administratorem danych osobowych: Dorota Golian Asana Creatives, ul.Lipowa 38, 21-040 Kalin\u00f3wka z wykorzystaniem nast\u0119puj\u0105cych danych kontaktowych: hello@asanacreatives.com<\/b><\/p>\n<p><b>Ponadto istnieje r\u00f3wnie\u017c mo\u017cliwo\u015b\u0107 kontaktu drog\u0105 pocztow\u0105 pod adresem: ul. Lipowa 38, 21-040 Kalin\u00f3wka<\/b><\/p>\n<p><b>Ostatnia aktualizacja niniejszego dokumentu mia\u0142a miejsce dnia 5 listopada 2020r.<\/b><\/p>\n\n\t\t<\/div>\n\t<\/div>\n<\/div><\/div><\/div><\/div>\n<\/div>","protected":false},"excerpt":{"rendered":"POLITYKA PRYWATNO\u015aCI SERWISU www.asanacreatives.com &nbsp; Ochrona prywatno\u015bci U\u017cytkownik\u00f3w jest dla firmy Dorota Golian Asana Creatives szczeg\u00f3lnie wa\u017cna. Z tego wzgl\u0119du U\u017cytkownicy Serwisu www.asanacreatives.com maj\u0105 zagwarantowane wysokie standardy ochrony prywatno\u015bci. \u00a0Dorota&hellip;","protected":false},"author":1,"featured_media":0,"parent":0,"menu_order":0,"comment_status":"closed","ping_status":"closed","template":"","meta":{"footnotes":""},"class_list":["post-2736","page","type-page","status-publish","hentry"],"_links":{"self":[{"href":"https:\/\/asanacreatives.com\/en\/wp-json\/wp\/v2\/pages\/2736","targetHints":{"allow":["GET"]}}],"collection":[{"href":"https:\/\/asanacreatives.com\/en\/wp-json\/wp\/v2\/pages"}],"about":[{"href":"https:\/\/asanacreatives.com\/en\/wp-json\/wp\/v2\/types\/page"}],"author":[{"embeddable":true,"href":"https:\/\/asanacreatives.com\/en\/wp-json\/wp\/v2\/users\/1"}],"replies":[{"embeddable":true,"href":"https:\/\/asanacreatives.com\/en\/wp-json\/wp\/v2\/comments?post=2736"}],"version-history":[{"count":8,"href":"https:\/\/asanacreatives.com\/en\/wp-json\/wp\/v2\/pages\/2736\/revisions"}],"predecessor-version":[{"id":10100,"href":"https:\/\/asanacreatives.com\/en\/wp-json\/wp\/v2\/pages\/2736\/revisions\/10100"}],"wp:attachment":[{"href":"https:\/\/asanacreatives.com\/en\/wp-json\/wp\/v2\/media?parent=2736"}],"curies":[{"name":"wp","href":"https:\/\/api.w.org\/{rel}","templated":true}]}}