{"id":3614,"date":"2021-03-04T06:34:54","date_gmt":"2021-03-04T06:34:54","guid":{"rendered":"https:\/\/asanacreatives.com\/?page_id=3614"},"modified":"2025-06-26T09:26:41","modified_gmt":"2025-06-26T09:26:41","slug":"platnosci-dostawa-i-zwroty","status":"publish","type":"page","link":"https:\/\/asanacreatives.com\/en\/platnosci-dostawa-i-zwroty\/","title":{"rendered":"Payments, Delivery &amp; Returns"},"content":{"rendered":"<div class=\"wpb-content-wrapper\"><div class=\"vc_row wpb_row vc_row-fluid\"><div class=\"wpb_column vc_column_container vc_col-sm-12\"><div class=\"vc_column-inner\"><div class=\"wpb_wrapper\"><div class=\"vc_tta-container\" data-vc-action=\"collapse\"><div class=\"vc_general vc_tta vc_tta-accordion vc_tta-color-grey vc_tta-style-classic vc_tta-shape-rounded vc_tta-o-shape-group vc_tta-controls-align-default\"><div class=\"vc_tta-panels-container\"><div class=\"vc_tta-panels\"><div class=\"vc_tta-panel vc_active\" id=\"asana-platnosci\" data-vc-content=\".vc_tta-panel-body\"><div class=\"vc_tta-panel-heading\"><h4 class=\"vc_tta-panel-title vc_tta-controls-icon-position-left\"><a href=\"#asana-platnosci\" data-vc-accordion data-vc-container=\".vc_tta-container\"><span class=\"vc_tta-title-text\">P\u0141ATNO\u015aCI<\/span><i class=\"vc_tta-controls-icon vc_tta-controls-icon-plus\"><\/i><\/a><\/h4><\/div><div class=\"vc_tta-panel-body\">\n\t<div class=\"wpb_text_column wpb_content_element\" >\n\t\t<div class=\"wpb_wrapper\">\n\t\t\t<p>P\u0142atno\u015bci online obs\u0142uguje Blue Media S.A., umo\u017cliwiaj\u0105c p\u0142atno\u015bci kartami:<\/p>\n<ul>\n<li>Visa<\/li>\n<li>Visa Electron<\/li>\n<li>MasterCard<\/li>\n<li>MasterCard Electronic<\/li>\n<li>Maestro<\/li>\n<\/ul>\n<p>oraz:<\/p>\n<p><a href=\"https:\/\/asanacreatives.com\/wp-content\/uploads\/2021\/03\/logo.png\"><img fetchpriority=\"high\" decoding=\"async\" class=\"alignnone size-full wp-image-3617\" src=\"https:\/\/asanacreatives.com\/wp-content\/uploads\/2021\/03\/logo.png\" alt=\"\" width=\"1024\" height=\"169\" srcset=\"https:\/\/asanacreatives.com\/wp-content\/uploads\/2021\/03\/logo.png 1024w, https:\/\/asanacreatives.com\/wp-content\/uploads\/2021\/03\/logo-300x50.png 300w, https:\/\/asanacreatives.com\/wp-content\/uploads\/2021\/03\/logo-768x127.png 768w, https:\/\/asanacreatives.com\/wp-content\/uploads\/2021\/03\/logo-937x155.png 937w\" sizes=\"(max-width: 1024px) 100vw, 1024px\" \/><\/a><\/p>\n<p>Czas realizacji zam\u00f3wienia jest liczony od momentu uzyskania pozytywnej autoryzacji p\u0142atno\u015bci.<\/p>\n\n\t\t<\/div>\n\t<\/div>\n<\/div><\/div><div class=\"vc_tta-panel\" id=\"asana-dostawa\" data-vc-content=\".vc_tta-panel-body\"><div class=\"vc_tta-panel-heading\"><h4 class=\"vc_tta-panel-title vc_tta-controls-icon-position-left\"><a href=\"#asana-dostawa\" data-vc-accordion data-vc-container=\".vc_tta-container\"><span class=\"vc_tta-title-text\">DOSTAWA<\/span><i class=\"vc_tta-controls-icon vc_tta-controls-icon-plus\"><\/i><\/a><\/h4><\/div><div class=\"vc_tta-panel-body\">\n\t<div class=\"wpb_text_column wpb_content_element\" >\n\t\t<div class=\"wpb_wrapper\">\n\t\t\t<p>Zam\u00f3wiony towar jest wysy\u0142any w ci\u0105gu 1-2 dni roboczych od momentu zaksi\u0119gowania p\u0142atno\u015bci.<\/p>\n<p>Zam\u00f3wienia z\u0142o\u017cone do godz. 15:00 zostan\u0105 wys\u0142ane jeszcze tego samego dnia \ud83d\ude42<\/p>\n<p>Dostawa kurierem InPost na terenie Polski jest darmowa przy zam\u00f3wieniach na kwot\u0119 powy\u017cej 399 z\u0142.<br \/>\nKoszt dostawy zale\u017cy od wybranej formy:<\/p>\n<ul>\n<li>paczkomat\u00f3w &#8211; 16 z\u0142<\/li>\n<li>kurier Inpost &#8211; 15 z\u0142<\/li>\n<li>kurier Inpost za pobraniem &#8211; 20 z\u0142<\/li>\n<\/ul>\n<p>Dostawa przesy\u0142ek kurierskich i paczkomatowych od momentu wysy\u0142ki trwa max. do 2 dni roboczych.<\/p>\n<p>Istnieje mo\u017cliwo\u015b\u0107 wysy\u0142ki zagranicznej. Wysy\u0142amy przesy\u0142ki do kraj\u00f3w UE za po\u015brednictwem kuriera DPD oraz na ca\u0142y \u015bwiat za po\u015brednictwem kuriera Fedex. Cena zale\u017cy od miejsca gdzie paczka b\u0119dzie wys\u0142ana.<\/p>\n\n\t\t<\/div>\n\t<\/div>\n<\/div><\/div><div class=\"vc_tta-panel\" id=\"asana-zwroty\" data-vc-content=\".vc_tta-panel-body\"><div class=\"vc_tta-panel-heading\"><h4 class=\"vc_tta-panel-title vc_tta-controls-icon-position-left\"><a href=\"#asana-zwroty\" data-vc-accordion data-vc-container=\".vc_tta-container\"><span class=\"vc_tta-title-text\">ZWROTY<\/span><i class=\"vc_tta-controls-icon vc_tta-controls-icon-plus\"><\/i><\/a><\/h4><\/div><div class=\"vc_tta-panel-body\">\n\t<div class=\"wpb_text_column wpb_content_element\" >\n\t\t<div class=\"wpb_wrapper\">\n\t\t\t<p>Klient ma prawo dokona\u0107 zwrotu produktu zakupionego przez Internet w ci\u0105gu 14 dni od daty otrzymania towaru, bez konieczno\u015bci podawania przyczyny.<\/p>\n<p>Formularz zwrotu znajdziesz <a href=\"https:\/\/asanacreatives.com\/wp-content\/uploads\/2021\/03\/returnform.pdf\">tutaj<\/a>.<\/p>\n<p>Formularz nale\u017cy przes\u0142a\u0107 do nas drog\u0105 mailow\u0105 na adres: hello@asanacreatives.com, w tytule wiadomo\u015bci wpisuj\u0105c \u2018Zwrot\u2019 oraz numer Twojego zam\u00f3wienia.<\/p>\n<p>Klient odsy\u0142a zakupiony produkt na sw\u00f3j koszt.<\/p>\n<p>Adres na kt\u00f3ry trzeba przes\u0142a\u0107 zam\u00f3wienie to:<\/p>\n<p>Store It<\/p>\n<p>ul. Om\u0142otowa 23<\/p>\n<p>94-251\u00a0\u0141\u00f3d\u017a<\/p>\n<p>Zwrot nale\u017cno\u015bci zostanie dokonany w ci\u0105gu 14 dni roboczych od daty otrzymania zwracanego produktu.<\/p>\n\n\t\t<\/div>\n\t<\/div>\n<\/div><\/div><\/div><\/div><\/div><\/div><\/div><\/div><\/div><\/div>\n<\/div>","protected":false},"excerpt":{"rendered":"P\u0141ATNO\u015aCI P\u0142atno\u015bci online obs\u0142uguje Blue Media S.A., umo\u017cliwiaj\u0105c p\u0142atno\u015bci kartami: Visa Visa Electron MasterCard MasterCard Electronic Maestro oraz: Czas realizacji zam\u00f3wienia jest liczony od momentu uzyskania pozytywnej autoryzacji p\u0142atno\u015bci. DOSTAWA&hellip;","protected":false},"author":2,"featured_media":0,"parent":0,"menu_order":0,"comment_status":"closed","ping_status":"closed","template":"","meta":{"footnotes":""},"class_list":["post-3614","page","type-page","status-publish","hentry"],"_links":{"self":[{"href":"https:\/\/asanacreatives.com\/en\/wp-json\/wp\/v2\/pages\/3614","targetHints":{"allow":["GET"]}}],"collection":[{"href":"https:\/\/asanacreatives.com\/en\/wp-json\/wp\/v2\/pages"}],"about":[{"href":"https:\/\/asanacreatives.com\/en\/wp-json\/wp\/v2\/types\/page"}],"author":[{"embeddable":true,"href":"https:\/\/asanacreatives.com\/en\/wp-json\/wp\/v2\/users\/2"}],"replies":[{"embeddable":true,"href":"https:\/\/asanacreatives.com\/en\/wp-json\/wp\/v2\/comments?post=3614"}],"version-history":[{"count":12,"href":"https:\/\/asanacreatives.com\/en\/wp-json\/wp\/v2\/pages\/3614\/revisions"}],"predecessor-version":[{"id":10103,"href":"https:\/\/asanacreatives.com\/en\/wp-json\/wp\/v2\/pages\/3614\/revisions\/10103"}],"wp:attachment":[{"href":"https:\/\/asanacreatives.com\/en\/wp-json\/wp\/v2\/media?parent=3614"}],"curies":[{"name":"wp","href":"https:\/\/api.w.org\/{rel}","templated":true}]}}