{"id":9831,"date":"2025-03-09T13:59:27","date_gmt":"2025-03-09T13:59:27","guid":{"rendered":"https:\/\/asanacreatives.com\/?page_id=9831"},"modified":"2026-04-16T11:57:11","modified_gmt":"2026-04-16T11:57:11","slug":"wypozyczalnia-mat-do-jogi-na-eventy-i-wyjazdy","status":"publish","type":"page","link":"https:\/\/asanacreatives.com\/en\/wypozyczalnia-mat-do-jogi-na-eventy-i-wyjazdy\/","title":{"rendered":"Wypo\u017cyczalnia mat do jogi na eventy i wyjazdy"},"content":{"rendered":"<p><a href=\"https:\/\/asanacreatives.com\/wp-content\/uploads\/2023\/01\/221004_asana_lanzarote_0191_prv-1.png\"><img fetchpriority=\"high\" decoding=\"async\" class=\"alignnone wp-image-8838 size-large\" src=\"https:\/\/asanacreatives.com\/wp-content\/uploads\/2023\/01\/221004_asana_lanzarote_0191_prv-1-819x1024.png\" alt=\"\" width=\"640\" height=\"800\" srcset=\"https:\/\/asanacreatives.com\/wp-content\/uploads\/2023\/01\/221004_asana_lanzarote_0191_prv-1-819x1024.png 819w, https:\/\/asanacreatives.com\/wp-content\/uploads\/2023\/01\/221004_asana_lanzarote_0191_prv-1-240x300.png 240w, https:\/\/asanacreatives.com\/wp-content\/uploads\/2023\/01\/221004_asana_lanzarote_0191_prv-1-768x960.png 768w, https:\/\/asanacreatives.com\/wp-content\/uploads\/2023\/01\/221004_asana_lanzarote_0191_prv-1-10x12.png 10w, https:\/\/asanacreatives.com\/wp-content\/uploads\/2023\/01\/221004_asana_lanzarote_0191_prv-1-937x1171.png 937w, https:\/\/asanacreatives.com\/wp-content\/uploads\/2023\/01\/221004_asana_lanzarote_0191_prv-1-80x100.png 80w, https:\/\/asanacreatives.com\/wp-content\/uploads\/2023\/01\/221004_asana_lanzarote_0191_prv-1-160x200.png 160w, https:\/\/asanacreatives.com\/wp-content\/uploads\/2023\/01\/221004_asana_lanzarote_0191_prv-1.png 1080w\" sizes=\"(max-width: 640px) 100vw, 640px\" \/><\/a><\/p>\n<p>Planujesz warsztaty, event jogowy lub wyjazd retreatowy?<br \/>\nNie musisz kupowa\u0107 nowych mat \u2013 wypo\u017cycz je u nas!<\/p>\n<p>Oferujemy wygodne, wysokiej jako\u015bci, kauczukowe, antypo\u015blizgowe i ekologiczne maty do jogi, kt\u00f3re mo\u017cesz wynaj\u0105\u0107 na dowolny okres. Nasze maty sprawdz\u0105 si\u0119 idealnie podczas kameralnych warsztat\u00f3w, wydarze\u0144 plenerowych czy wyjazd\u00f3w z jog\u0105.<\/p>\n<p>Dlaczego warto wypo\u017cyczy\u0107 maty w\u0142a\u015bnie u nas?<br \/>\n\u2714\ufe0f Ekologiczne maty z naturalnego kauczuku \u2013 bezpieczne dla Ciebie i \u015brodowiska<br \/>\n\u2714\ufe0f Antypo\u015blizgowa powierzchnia \u2013 komfort i bezpiecze\u0144stwo praktyki jogi<br \/>\n\u2714\ufe0f Elastyczna oferta wynajmu \u2013 na kr\u00f3tki lub d\u0142u\u017cszy okres<br \/>\n\u2714\ufe0f Wygoda i oszcz\u0119dno\u015b\u0107 \u2013 bez konieczno\u015bci zakupu sprz\u0119tu<br \/>\n\u2714\ufe0f Obs\u0142uga du\u017cych wydarze\u0144 \u2013 mo\u017cliwo\u015b\u0107 wynaj\u0119cia wi\u0119kszej liczby mat<\/p>\n<p>\ud83d\udce9 Napisz do nas na adres: <strong>hello@asanacreatives.com<\/strong><\/p>\n<p>Ch\u0119tnie pomo\u017cemy w organizacji Twojego jogowego eventu!<\/p>","protected":false},"excerpt":{"rendered":"<p>Planujesz warsztaty, event jogowy lub wyjazd retreatowy? Nie musisz kupowa\u0107 nowych mat \u2013 wypo\u017cycz je u nas! Oferujemy wygodne, wysokiej jako\u015bci, kauczukowe, antypo\u015blizgowe i ekologiczne maty do jogi, kt\u00f3re mo\u017cesz&hellip;<\/p>","protected":false},"author":2,"featured_media":8838,"parent":0,"menu_order":0,"comment_status":"closed","ping_status":"closed","template":"","meta":{"footnotes":""},"class_list":["post-9831","page","type-page","status-publish","has-post-thumbnail","hentry"],"_links":{"self":[{"href":"https:\/\/asanacreatives.com\/en\/wp-json\/wp\/v2\/pages\/9831","targetHints":{"allow":["GET"]}}],"collection":[{"href":"https:\/\/asanacreatives.com\/en\/wp-json\/wp\/v2\/pages"}],"about":[{"href":"https:\/\/asanacreatives.com\/en\/wp-json\/wp\/v2\/types\/page"}],"author":[{"embeddable":true,"href":"https:\/\/asanacreatives.com\/en\/wp-json\/wp\/v2\/users\/2"}],"replies":[{"embeddable":true,"href":"https:\/\/asanacreatives.com\/en\/wp-json\/wp\/v2\/comments?post=9831"}],"version-history":[{"count":6,"href":"https:\/\/asanacreatives.com\/en\/wp-json\/wp\/v2\/pages\/9831\/revisions"}],"predecessor-version":[{"id":10674,"href":"https:\/\/asanacreatives.com\/en\/wp-json\/wp\/v2\/pages\/9831\/revisions\/10674"}],"wp:featuredmedia":[{"embeddable":true,"href":"https:\/\/asanacreatives.com\/en\/wp-json\/wp\/v2\/media\/8838"}],"wp:attachment":[{"href":"https:\/\/asanacreatives.com\/en\/wp-json\/wp\/v2\/media?parent=9831"}],"curies":[{"name":"wp","href":"https:\/\/api.w.org\/{rel}","templated":true}]}}