{"id":2654,"date":"2020-11-08T23:06:46","date_gmt":"2020-11-08T23:06:46","guid":{"rendered":"https:\/\/asanacreatives.com\/?post_type=product&#038;p=2654"},"modified":"2025-11-07T19:54:47","modified_gmt":"2025-11-07T19:54:47","slug":"sun-salutations","status":"publish","type":"product","link":"https:\/\/asanacreatives.com\/en\/store\/plakaty\/sun-salutations\/","title":{"rendered":"Sun Salutations Poster"},"content":{"rendered":"<p>Plakat Sun Salutations | Ilustracja w formacie 40x50cm i 50x70cm.<\/p>\n<p>Printed on high-quality 250g recycled paper. The paper contains 5% coffee production residue! It replaces traditional cellulose pulp, thereby reducing water and energy consumption. And if that wasn't enough \u2013 the cellulose pulp is 100% recycled.<\/p>\n<p>Spots, speckles and other imperfections from recycled fibers and coffee production residues create an amazing visual effect, reminiscent of coffee terrazzo.<\/p>","protected":false},"excerpt":{"rendered":"<p>Plakat Sun Salutations | Ilustracja w formacie 40x50cm i 50x70cm. Wydruk na papierze wysokiej jako\u015bci 250 g z recyklingu. Papier zawiera 5% pozosta\u0142o\u015bci po produkcji\u2026 kawy! Zast\u0119puj\u0105 one tradycyjn\u0105 mas\u0119&hellip;<\/p>","protected":false},"featured_media":8951,"template":"","meta":[],"product_brand":[],"product_cat":[162],"product_tag":[53,145,54],"class_list":{"0":"post-2654","1":"product","2":"type-product","3":"status-publish","4":"has-post-thumbnail","6":"product_cat-plakaty","7":"product_tag-plakat","8":"product_tag-plakaty-joga","9":"product_tag-yogaplakat","10":"product_shipping_class-wysylka-7dni","12":"first","13":"instock","14":"taxable","15":"shipping-taxable","16":"purchasable","17":"product-type-variable","18":"has-default-attributes","19":"layout-style-1","20":"col-md-4 col-sm-4 col-xs-6","21":"col-lg-3","22":"product-style-default"},"_links":{"self":[{"href":"https:\/\/asanacreatives.com\/en\/wp-json\/wp\/v2\/product\/2654","targetHints":{"allow":["GET"]}}],"collection":[{"href":"https:\/\/asanacreatives.com\/en\/wp-json\/wp\/v2\/product"}],"about":[{"href":"https:\/\/asanacreatives.com\/en\/wp-json\/wp\/v2\/types\/product"}],"version-history":[{"count":3,"href":"https:\/\/asanacreatives.com\/en\/wp-json\/wp\/v2\/product\/2654\/revisions"}],"predecessor-version":[{"id":8952,"href":"https:\/\/asanacreatives.com\/en\/wp-json\/wp\/v2\/product\/2654\/revisions\/8952"}],"wp:featuredmedia":[{"embeddable":true,"href":"https:\/\/asanacreatives.com\/en\/wp-json\/wp\/v2\/media\/8951"}],"wp:attachment":[{"href":"https:\/\/asanacreatives.com\/en\/wp-json\/wp\/v2\/media?parent=2654"}],"wp:term":[{"taxonomy":"product_brand","embeddable":true,"href":"https:\/\/asanacreatives.com\/en\/wp-json\/wp\/v2\/product_brand?post=2654"},{"taxonomy":"product_cat","embeddable":true,"href":"https:\/\/asanacreatives.com\/en\/wp-json\/wp\/v2\/product_cat?post=2654"},{"taxonomy":"product_tag","embeddable":true,"href":"https:\/\/asanacreatives.com\/en\/wp-json\/wp\/v2\/product_tag?post=2654"}],"curies":[{"name":"wp","href":"https:\/\/api.w.org\/{rel}","templated":true}]}}