{"id":2660,"date":"2020-11-08T23:11:31","date_gmt":"2020-11-08T23:11:31","guid":{"rendered":"https:\/\/asanacreatives.com\/?post_type=product&#038;p=2660"},"modified":"2025-07-25T12:55:23","modified_gmt":"2025-07-25T12:55:23","slug":"breathe-and-flow","status":"publish","type":"product","link":"https:\/\/asanacreatives.com\/en\/store\/plakaty\/breathe-and-flow\/","title":{"rendered":"Breathe &amp; Flow POSTER"},"content":{"rendered":"<p>Plakat Breathe&amp;flow | Ilustracja w formacie 40&#215;50 oraz 50x70cm.<\/p>\n<p>Printed on high-quality 250g recycled paper. The paper contains 5% coffee production residue! It replaces traditional cellulose pulp, thereby reducing water and energy consumption. And if that wasn't enough \u2013 the cellulose pulp is 100% recycled.<\/p>\n<p><a href=\"https:\/\/asanacreatives.com\/wp-content\/uploads\/2022\/11\/kaffee_recycling_inspiration-1000x767-1.jpg\"><img fetchpriority=\"high\" decoding=\"async\" class=\"aligncenter wp-image-8927 size-full\" src=\"https:\/\/asanacreatives.com\/wp-content\/uploads\/2022\/11\/kaffee_recycling_inspiration-1000x767-1.jpg\" alt=\"\" width=\"1000\" height=\"767\" srcset=\"https:\/\/asanacreatives.com\/wp-content\/uploads\/2022\/11\/kaffee_recycling_inspiration-1000x767-1.jpg 1000w, https:\/\/asanacreatives.com\/wp-content\/uploads\/2022\/11\/kaffee_recycling_inspiration-1000x767-1-300x230.jpg 300w, https:\/\/asanacreatives.com\/wp-content\/uploads\/2022\/11\/kaffee_recycling_inspiration-1000x767-1-768x589.jpg 768w, https:\/\/asanacreatives.com\/wp-content\/uploads\/2022\/11\/kaffee_recycling_inspiration-1000x767-1-16x12.jpg 16w, https:\/\/asanacreatives.com\/wp-content\/uploads\/2022\/11\/kaffee_recycling_inspiration-1000x767-1-937x719.jpg 937w\" sizes=\"(max-width: 1000px) 100vw, 1000px\" \/><\/a><\/p>\n<p>Spots, speckles and other imperfections from recycled fibers and coffee production residues create an amazing visual effect, reminiscent of coffee terrazzo.<\/p>\n<p>The poster is sold without a frame.<\/p>","protected":false},"excerpt":{"rendered":"<p>Plakat Breathe&amp;flow | Ilustracja w formacie 40&#215;50 oraz 50x70cm. Wydruk na papierze wysokiej jako\u015bci 250 g z recyklingu. Papier zawiera 5% pozosta\u0142o\u015bci po produkcji\u2026 kawy! Zast\u0119puj\u0105 one tradycyjn\u0105 mas\u0119 celulozow\u0105,&hellip;<\/p>","protected":false},"featured_media":8944,"template":"","meta":[],"product_brand":[],"product_cat":[162],"product_tag":[53,145,51,54],"class_list":{"0":"post-2660","1":"product","2":"type-product","3":"status-publish","4":"has-post-thumbnail","6":"product_cat-plakaty","7":"product_tag-plakat","8":"product_tag-plakaty-joga","9":"product_tag-yoga","10":"product_tag-yogaplakat","11":"product_shipping_class-wysylka-7dni","13":"first","14":"instock","15":"taxable","16":"shipping-taxable","17":"purchasable","18":"product-type-variable","19":"has-default-attributes","20":"layout-style-1","21":"col-md-4 col-sm-4 col-xs-6","22":"col-lg-3","23":"product-style-default"},"_links":{"self":[{"href":"https:\/\/asanacreatives.com\/en\/wp-json\/wp\/v2\/product\/2660","targetHints":{"allow":["GET"]}}],"collection":[{"href":"https:\/\/asanacreatives.com\/en\/wp-json\/wp\/v2\/product"}],"about":[{"href":"https:\/\/asanacreatives.com\/en\/wp-json\/wp\/v2\/types\/product"}],"version-history":[{"count":2,"href":"https:\/\/asanacreatives.com\/en\/wp-json\/wp\/v2\/product\/2660\/revisions"}],"predecessor-version":[{"id":8946,"href":"https:\/\/asanacreatives.com\/en\/wp-json\/wp\/v2\/product\/2660\/revisions\/8946"}],"wp:featuredmedia":[{"embeddable":true,"href":"https:\/\/asanacreatives.com\/en\/wp-json\/wp\/v2\/media\/8944"}],"wp:attachment":[{"href":"https:\/\/asanacreatives.com\/en\/wp-json\/wp\/v2\/media?parent=2660"}],"wp:term":[{"taxonomy":"product_brand","embeddable":true,"href":"https:\/\/asanacreatives.com\/en\/wp-json\/wp\/v2\/product_brand?post=2660"},{"taxonomy":"product_cat","embeddable":true,"href":"https:\/\/asanacreatives.com\/en\/wp-json\/wp\/v2\/product_cat?post=2660"},{"taxonomy":"product_tag","embeddable":true,"href":"https:\/\/asanacreatives.com\/en\/wp-json\/wp\/v2\/product_tag?post=2660"}],"curies":[{"name":"wp","href":"https:\/\/api.w.org\/{rel}","templated":true}]}}