{"id":3509,"date":"2021-02-14T08:48:24","date_gmt":"2021-02-14T08:48:24","guid":{"rendered":"https:\/\/asanacreatives.com\/?post_type=product&#038;p=3509"},"modified":"2026-03-02T12:52:14","modified_gmt":"2026-03-02T12:52:14","slug":"palo-santo","status":"publish","type":"product","link":"https:\/\/asanacreatives.com\/en\/store\/rytualy\/palo-santo\/","title":{"rendered":"Palo Santo"},"content":{"rendered":"<p><em>Bursera graveolens<\/em>\u00a0 &#8211; 4\/5 sztuk (oko\u0142o 50g)<\/p>\n<p>Palo Santo is a tree native to Peru, Ecuador and other South American countries. Palo Santo means \"Holy Tree\" in Spanish. It has been used by the indigenous peoples of the continent for centuries in meditation, rituals and tribal ceremonies.<\/p>\n<p>Palo Santo has remarkable properties. It is used to purify negative energy and aura. It is ideal for incensing the space before meditation. It calms the mind and harmonizes the body.<\/p>\n<p>Palo Santo also has anti-skeptic and anti-fungal properties. It has been traditionally used to relieve colds, flu symptoms, stress, asthma, headaches, anxiety and depression.<\/p>\n<p>We work with an ethical supplier that supports the reforestation of South American arid forests and collaborates with environmental agencies such as MAGAP in Ecuador and SERFOR in Peru.<\/p>\n<p>How to use: set fire to the end of the wood, wait for it to burn, and then blow it out.<\/p>\n<p>Country of origin: Ecuador<\/p>\n<p>W zestawie: palo santo oraz lniany woreczek.<\/p>","protected":false},"excerpt":{"rendered":"<p>Bursera graveolens\u00a0 &#8211; 4\/5 sztuk (oko\u0142o 50g) Palo Santo to drzewo pochodz\u0105ce z Peru, Ekwadoru oraz innych kraj\u00f3w Ameryki Po\u0142udniowej. Palo Santo po hiszpa\u0144sku oznacza &#8222;\u015awi\u0119te drzewo&#8221;. Od wiek\u00f3w jest&hellip;<\/p>","protected":false},"featured_media":8882,"template":"","meta":[],"product_brand":[],"product_cat":[165],"product_tag":[142],"class_list":{"0":"post-3509","1":"product","2":"type-product","3":"status-publish","4":"has-post-thumbnail","6":"product_cat-rytualy","7":"product_tag-rytualy","9":"first","10":"instock","11":"taxable","12":"shipping-taxable","13":"purchasable","14":"product-type-simple","15":"layout-style-1","16":"col-md-4 col-sm-4 col-xs-6","17":"col-lg-3","18":"product-has-gallery","19":"product-style-default"},"_links":{"self":[{"href":"https:\/\/asanacreatives.com\/en\/wp-json\/wp\/v2\/product\/3509","targetHints":{"allow":["GET"]}}],"collection":[{"href":"https:\/\/asanacreatives.com\/en\/wp-json\/wp\/v2\/product"}],"about":[{"href":"https:\/\/asanacreatives.com\/en\/wp-json\/wp\/v2\/types\/product"}],"version-history":[{"count":1,"href":"https:\/\/asanacreatives.com\/en\/wp-json\/wp\/v2\/product\/3509\/revisions"}],"predecessor-version":[{"id":8879,"href":"https:\/\/asanacreatives.com\/en\/wp-json\/wp\/v2\/product\/3509\/revisions\/8879"}],"wp:featuredmedia":[{"embeddable":true,"href":"https:\/\/asanacreatives.com\/en\/wp-json\/wp\/v2\/media\/8882"}],"wp:attachment":[{"href":"https:\/\/asanacreatives.com\/en\/wp-json\/wp\/v2\/media?parent=3509"}],"wp:term":[{"taxonomy":"product_brand","embeddable":true,"href":"https:\/\/asanacreatives.com\/en\/wp-json\/wp\/v2\/product_brand?post=3509"},{"taxonomy":"product_cat","embeddable":true,"href":"https:\/\/asanacreatives.com\/en\/wp-json\/wp\/v2\/product_cat?post=3509"},{"taxonomy":"product_tag","embeddable":true,"href":"https:\/\/asanacreatives.com\/en\/wp-json\/wp\/v2\/product_tag?post=3509"}],"curies":[{"name":"wp","href":"https:\/\/api.w.org\/{rel}","templated":true}]}}