{"id":3814,"date":"2020-11-08T23:09:36","date_gmt":"2020-11-08T23:09:36","guid":{"rendered":"https:\/\/asanacreatives.com\/sklep\/uncategorized\/hero-pose\/"},"modified":"2024-04-10T12:50:29","modified_gmt":"2024-04-10T12:50:29","slug":"hero-pose","status":"publish","type":"product","link":"https:\/\/asanacreatives.com\/en\/store\/plakaty\/hero-pose\/","title":{"rendered":"HERO POSE POSTER"},"content":{"rendered":"<p>Plakat El Hero | Ilustracja w formacie 40\u00d750 oraz 50x70cm.<br \/>\nHigh-quality print on 180g paper.<br \/>\nThe poster is sold without a frame.<\/p>\n<p>If you need graphics in a different dimension, please write to us.<\/p>","protected":false},"excerpt":{"rendered":"<p>Plakat El Hero | Ilustracja w formacie 40\u00d750 oraz 50x70cm. Wydruk wysokiej jako\u015bci na papierze 180g. Plakat sprzedawany bez ramki. Je\u015bli potrzebujesz grafiki w innym wymiarze, napisz do nas.<\/p>","protected":false},"featured_media":3816,"template":"","meta":[],"product_brand":[],"product_cat":[162],"product_tag":[53,145,51,54],"class_list":{"0":"post-3814","1":"product","2":"type-product","3":"status-publish","4":"has-post-thumbnail","6":"product_cat-plakaty","7":"product_tag-plakat","8":"product_tag-plakaty-joga","9":"product_tag-yoga","10":"product_tag-yogaplakat","11":"product_shipping_class-send-7days","13":"first","14":"instock","15":"taxable","16":"shipping-taxable","17":"purchasable","18":"product-type-variable","19":"has-default-attributes","20":"layout-style-1","21":"col-md-4 col-sm-4 col-xs-6","22":"col-lg-3","23":"product-style-default"},"_links":{"self":[{"href":"https:\/\/asanacreatives.com\/en\/wp-json\/wp\/v2\/product\/3814","targetHints":{"allow":["GET"]}}],"collection":[{"href":"https:\/\/asanacreatives.com\/en\/wp-json\/wp\/v2\/product"}],"about":[{"href":"https:\/\/asanacreatives.com\/en\/wp-json\/wp\/v2\/types\/product"}],"version-history":[{"count":1,"href":"https:\/\/asanacreatives.com\/en\/wp-json\/wp\/v2\/product\/3814\/revisions"}],"predecessor-version":[{"id":8209,"href":"https:\/\/asanacreatives.com\/en\/wp-json\/wp\/v2\/product\/3814\/revisions\/8209"}],"wp:featuredmedia":[{"embeddable":true,"href":"https:\/\/asanacreatives.com\/en\/wp-json\/wp\/v2\/media\/3816"}],"wp:attachment":[{"href":"https:\/\/asanacreatives.com\/en\/wp-json\/wp\/v2\/media?parent=3814"}],"wp:term":[{"taxonomy":"product_brand","embeddable":true,"href":"https:\/\/asanacreatives.com\/en\/wp-json\/wp\/v2\/product_brand?post=3814"},{"taxonomy":"product_cat","embeddable":true,"href":"https:\/\/asanacreatives.com\/en\/wp-json\/wp\/v2\/product_cat?post=3814"},{"taxonomy":"product_tag","embeddable":true,"href":"https:\/\/asanacreatives.com\/en\/wp-json\/wp\/v2\/product_tag?post=3814"}],"curies":[{"name":"wp","href":"https:\/\/api.w.org\/{rel}","templated":true}]}}