{"id":4383,"date":"2021-11-13T10:08:23","date_gmt":"2021-11-13T10:08:23","guid":{"rendered":"https:\/\/asanacreatives.com\/?post_type=product&#038;p=4383"},"modified":"2026-04-16T11:50:06","modified_gmt":"2026-04-16T11:50:06","slug":"asana-cards-moon-edition-rozszerzenie","status":"publish","type":"product","link":"https:\/\/asanacreatives.com\/en\/store\/karty\/asana-cards-moon-edition-expansion-deck\/","title":{"rendered":"Asana Cards Moon Edition rozszerzenie &#8211; j\u0119zyk polski"},"content":{"rendered":"<p>Asana Cards Extension \/ MOON EDITION is a deck of 51 cards featuring illustrations of new yoga poses, breathing techniques, and meditation techniques. Additionally, it has been enriched with 10 new yoga sequences.<\/p>\n<p><strong>NOTE: The basic version of Asana Cards SUN EDITION is required to practice with cards.<\/strong><\/p>\n<p>Asana Extension \/ MOON EDITION are a great tool for learning basic and advanced yoga poses and arranging your own sequence of exercises. It is a perfect solution for those who start their adventure with yoga, want to expand their knowledge in this field or take a yoga instructor course.<\/p>\n<p>Each card on the front has an illustration of the yoga pose selected and its Sanskrit name, and on the back, information about its benefits, and step-by-step instructions, modifications, and contraindications. The cards are numbered and divided into categories.<br \/>\nYou can use a ready-made thematic sequence or create your own.<\/p>\n<p>Obie talie Asana Cards zosta\u0142y stworzone tak, aby mo\u017cna by\u0142o \u0142\u0105czy\u0107 karty razem i tworzy\u0107 coraz to ciekawsze i bardziej wymagaj\u0105ce sekwencje. Dzi\u0119ki temu mo\u017cemy rozwija\u0107 swoje umiej\u0119tno\u015bci i poszerza\u0107 swoj\u0105 wiedz\u0119 o jodze.<span class=\"Apple-converted-space\">\u00a0<\/span><\/p>\n<p>Asana Cards Rozszerzenie s\u0105 skierowane nie tylko do zaawansowanych praktyk\u00f3w jogi, ale do ka\u017cdego, kto chce kontynuowa\u0107 swoj\u0105 przygod\u0119 z t\u0105 pi\u0119kn\u0105 praktyk\u0105. Mog\u0105 by\u0107 one u\u017cywane zar\u00f3wno przez pocz\u0105tkuj\u0105cych, jak i zaawansowanych praktyk\u00f3w jogi, kt\u00f3rzy chc\u0105 poszerzy\u0107 swoj\u0105 wiedz\u0119 i umiej\u0119tno\u015bci.<\/p>\n<p>The concept of Asana Cards Extension was to create characters with different skin tones to promote racial diversity and spread cultural tolerance.<\/p>\n<p><span style=\"font-size: 1.4rem;\">Cards are printed on high-quality 300g paper.<\/span><\/p>\n<p style=\"text-align: center;\">Asana Cards EXTENSION is:<br \/>\n\u2665 35 yoga poses<br \/>\n\u2665 5 breathing techniques<br \/>\n\u2665 10 yoga theme sequences<br \/>\n\u2665 5 meditation techniques<br \/>\n\u2665 Card with an index of all categories and items<\/p>","protected":false},"excerpt":{"rendered":"<p>Asana Cards Rozszerzenie \/ MOON EDITION to talia 51 kart z ilustracjami przedstawiaj\u0105cymi nowe pozycje jogi, techniki oddechowe oraz medytacyjne. Ponadto zosta\u0142a wzbogacona o 10 nowych sekwencji jogi. UWAGA: Do&hellip;<\/p>","protected":false},"featured_media":4507,"template":"","meta":[],"product_brand":[],"product_cat":[160],"product_tag":[85,113,112,144],"class_list":{"0":"post-4383","1":"product","2":"type-product","3":"status-publish","4":"has-post-thumbnail","6":"product_cat-karty","7":"product_tag-joga","8":"product_tag-joginka","9":"product_tag-karty","10":"product_tag-karty-joga","12":"first","13":"instock","14":"taxable","15":"shipping-taxable","16":"purchasable","17":"product-type-simple","18":"layout-style-1","19":"col-md-4 col-sm-4 col-xs-6","20":"col-lg-3","21":"product-has-gallery","22":"product-style-default"},"_links":{"self":[{"href":"https:\/\/asanacreatives.com\/en\/wp-json\/wp\/v2\/product\/4383","targetHints":{"allow":["GET"]}}],"collection":[{"href":"https:\/\/asanacreatives.com\/en\/wp-json\/wp\/v2\/product"}],"about":[{"href":"https:\/\/asanacreatives.com\/en\/wp-json\/wp\/v2\/types\/product"}],"version-history":[{"count":2,"href":"https:\/\/asanacreatives.com\/en\/wp-json\/wp\/v2\/product\/4383\/revisions"}],"predecessor-version":[{"id":10706,"href":"https:\/\/asanacreatives.com\/en\/wp-json\/wp\/v2\/product\/4383\/revisions\/10706"}],"wp:featuredmedia":[{"embeddable":true,"href":"https:\/\/asanacreatives.com\/en\/wp-json\/wp\/v2\/media\/4507"}],"wp:attachment":[{"href":"https:\/\/asanacreatives.com\/en\/wp-json\/wp\/v2\/media?parent=4383"}],"wp:term":[{"taxonomy":"product_brand","embeddable":true,"href":"https:\/\/asanacreatives.com\/en\/wp-json\/wp\/v2\/product_brand?post=4383"},{"taxonomy":"product_cat","embeddable":true,"href":"https:\/\/asanacreatives.com\/en\/wp-json\/wp\/v2\/product_cat?post=4383"},{"taxonomy":"product_tag","embeddable":true,"href":"https:\/\/asanacreatives.com\/en\/wp-json\/wp\/v2\/product_tag?post=4383"}],"curies":[{"name":"wp","href":"https:\/\/api.w.org\/{rel}","templated":true}]}}