{"id":4497,"date":"2021-11-24T11:05:56","date_gmt":"2021-11-24T11:05:56","guid":{"rendered":"https:\/\/asanacreatives.com\/?post_type=product&#038;p=4497"},"modified":"2024-03-26T12:51:02","modified_gmt":"2024-03-26T12:51:02","slug":"plakat-bright-spirit","status":"publish","type":"product","link":"https:\/\/asanacreatives.com\/en\/store\/plakaty\/poster-bright-spirit\/","title":{"rendered":"Bright Spirit Poster"},"content":{"rendered":"<p>Poster 'Bright Spirit' poster | Illustration in the format 40 \u00d7 50 cm.<\/p>\n<p>Printed on high-quality 250g recycled paper. The paper contains 5% coffee production residue! It replaces traditional cellulose pulp, thereby reducing water and energy consumption. And if that wasn't enough \u2013 the cellulose pulp is 100% recycled.<\/p>\n<p>Spots, speckles and other imperfections from recycled fibers and coffee production residues create an amazing visual effect, reminiscent of coffee terrazzo.<\/p>","protected":false},"excerpt":{"rendered":"<p>Plakat 'Bright Spirit&#8217; | Ilustracja w formacie 40x50cm. Wydruk na papierze wysokiej jako\u015bci 250 g z recyklingu. Papier zawiera 5% pozosta\u0142o\u015bci po produkcji\u2026 kawy! Zast\u0119puj\u0105 one tradycyjn\u0105 mas\u0119 celulozow\u0105, tym&hellip;<\/p>","protected":false},"featured_media":8953,"template":"","meta":[],"product_brand":[],"product_cat":[162],"product_tag":[145],"class_list":{"0":"post-4497","1":"product","2":"type-product","3":"status-publish","4":"has-post-thumbnail","6":"product_cat-plakaty","7":"product_tag-plakaty-joga","9":"first","10":"instock","11":"taxable","12":"shipping-taxable","13":"purchasable","14":"product-type-simple","15":"layout-style-1","16":"col-md-4 col-sm-4 col-xs-6","17":"col-lg-3","18":"product-style-default"},"_links":{"self":[{"href":"https:\/\/asanacreatives.com\/en\/wp-json\/wp\/v2\/product\/4497","targetHints":{"allow":["GET"]}}],"collection":[{"href":"https:\/\/asanacreatives.com\/en\/wp-json\/wp\/v2\/product"}],"about":[{"href":"https:\/\/asanacreatives.com\/en\/wp-json\/wp\/v2\/types\/product"}],"version-history":[{"count":3,"href":"https:\/\/asanacreatives.com\/en\/wp-json\/wp\/v2\/product\/4497\/revisions"}],"predecessor-version":[{"id":8955,"href":"https:\/\/asanacreatives.com\/en\/wp-json\/wp\/v2\/product\/4497\/revisions\/8955"}],"wp:featuredmedia":[{"embeddable":true,"href":"https:\/\/asanacreatives.com\/en\/wp-json\/wp\/v2\/media\/8953"}],"wp:attachment":[{"href":"https:\/\/asanacreatives.com\/en\/wp-json\/wp\/v2\/media?parent=4497"}],"wp:term":[{"taxonomy":"product_brand","embeddable":true,"href":"https:\/\/asanacreatives.com\/en\/wp-json\/wp\/v2\/product_brand?post=4497"},{"taxonomy":"product_cat","embeddable":true,"href":"https:\/\/asanacreatives.com\/en\/wp-json\/wp\/v2\/product_cat?post=4497"},{"taxonomy":"product_tag","embeddable":true,"href":"https:\/\/asanacreatives.com\/en\/wp-json\/wp\/v2\/product_tag?post=4497"}],"curies":[{"name":"wp","href":"https:\/\/api.w.org\/{rel}","templated":true}]}}