{"id":4518,"date":"2021-11-25T20:03:14","date_gmt":"2021-11-25T20:03:14","guid":{"rendered":"https:\/\/asanacreatives.com\/?post_type=product&#038;p=4518"},"modified":"2024-02-21T12:52:11","modified_gmt":"2024-02-21T12:52:11","slug":"zestaw-asana-cards-sun-edition-asana-cards-rozszerzenie-moon-edition-jezyk-polski","status":"publish","type":"product","link":"https:\/\/asanacreatives.com\/en\/store\/karty\/zestaw-asana-cards-sun-edition-asana-cards-expansion-moon-edition\/","title":{"rendered":"Asana Cards Zestaw Sun Edition &#038; Moon Edition Rozszerzenie &#8211; j\u0119zyk polski"},"content":{"rendered":"<div class=\"woocommerce-tabs wc-tabs-wrapper\">\n<div id=\"tab-description\" class=\"woocommerce-Tabs-panel woocommerce-Tabs-panel--description panel entry-content wc-tab\" role=\"tabpanel\" aria-labelledby=\"tab-title-description\">\n<div class=\"container\">\n<div class=\"gmail-woocommerce-product-details__short-description\">\n<p><strong>BUNDLE<\/strong>Asana Cards Sun Edition &amp; Asana Cards Moon Edition expansion<\/p>\n<\/div>\n<p>Each card on the front has an illustration of the yoga pose selected and its Sanskrit name, and on the back, information about its benefits, and step-by-step instructions, modifications, and contraindications. The cards are numbered and divided into categories.<br \/>\nYou can use a ready-made thematic sequence or create your own.<\/p>\n<div class=\"gmail-woocommerce-product-details__short-description\">\n<p>Asana Cards Sun Edition to talia 61 kart z pi\u0119knymi ilustracjami przedstawiaj\u0105cymi pozycje jogi oraz techniki oddechowe. S\u0105 one znakomitym narz\u0119dziem do nauki podstawowych pozycji jogi oraz uk\u0142adania w\u0142asnej sekwencji \u0107wicze\u0144. To doskona\u0142e rozwi\u0105zanie dla tych, kt\u00f3rzy rozpoczynaj\u0105 swoj\u0105 przygod\u0119 z jog\u0105, chc\u0105 poszerzy\u0107 swoj\u0105 wiedz\u0119 z tej dziedziny lub odbywaj\u0105 kurs na instruktora jogi.<\/p>\n<\/div>\n<div class=\"gmail-woocommerce-tabs gmail-wc-tabs-wrapper\">\n<div id=\"gmail-tab-description\" class=\"gmail-woocommerce-Tabs-panel gmail-woocommerce-Tabs-panel--description gmail-panel entry-content gmail-wc-tab\" role=\"tabpanel\" aria-labelledby=\"tab-title-description\">\n<div class=\"gmail-container\">\n<p><strong>Asana Cards SUN EDITION<\/strong>to:<br \/>\n55 pozycji jogi<br \/>\n3 techniki oddechowe<br \/>\n4 sekwencje tematyczne jogi<br \/>\nkarta z indeksem wszystkich kategorii i pozycji<\/p>\n<\/div>\n<\/div>\n<\/div>\n<p>Asana Cards Rozszerzenie Moon Edition to talia 51 kart z ilustracjami przedstawiaj\u0105cymi nowe pozycje jogi, techniki oddechowe oraz medytacyjne. Ponadto zosta\u0142a wzbogacona o 10 nowych sekwencji jogi. S\u0105 one kontynuacj\u0105 Asana Cards Sun Edition. To\u00a0znakomite narz\u0119dzie do nauki podstawowych i zaawansowanych pozycji jogi oraz uk\u0142adania w\u0142asnej sekwencji \u0107wicze\u0144.<\/p>\n<p><strong>Asana Cards ROZSZERZENIE<\/strong>to:<br \/>\n35 pozycji jogi<br \/>\n5 technik oddechowych<br \/>\n10 sekwencji tematycznych jogi<br \/>\n5 technik medytacyjnych<br \/>\nKarta z indeksem wszystkich kategorii i pozycji<\/p>\n<\/div>\n<\/div>\n<p>&nbsp;<\/p>\n<p><strong>BUNDLE<\/strong> Asana Cards Sun Edition &amp; Asana Cards Moon Edition expansion<\/p>\n<p>Each card on the front has an illustration of the yoga pose selected and its Sanskrit name, and on the back, information about its benefits, and step-by-step instructions, modifications, and contraindications. The cards are numbered and divided into categories.<br \/>\nYou can use a ready-made thematic sequence or create your own.<\/p>\n<\/div>\n<p>Asana Cards Sun Edition\u00a0<span style=\"font-size: 1.4rem;\">is a deck of 61 cards with beautiful illustrations of yoga poses and breathing techniques. They are a great tool for learning basic yoga poses and creating your own sequence of exercises. It is a perfect solution for those who start their adventure with yoga, want to expand their knowledge in this field or take a yoga instructor course.<\/span><\/p>\n<p><strong>ASANA CARDS SUN EDITION<\/strong> to:<\/p>\n<p>-55 pozycji jogi<br \/>\n-3 techniki oddechowe<br \/>\n-4 sekwencje tematyczne jogi<br \/>\n-karta z indeksem wszystkich kategorii i pozycji<\/p>\n<p>Asana Cards Rozszerzenie\u00a0Moon Edition to talia 51 kart z ilustracjami przedstawiaj\u0105cymi nowe pozycje jogi, techniki oddechowe oraz medytacyjne. Ponadto zosta\u0142a wzbogacona o 10 nowych sekwencji jogi. S\u0105 one kontynuacj\u0105 Asana Cards Sun Edition. To\u00a0znakomite narz\u0119dzie do nauki podstawowych i zaawansowanych pozycji jogi oraz uk\u0142adania w\u0142asnej sekwencji \u0107wicze\u0144.<\/p>\n<p><strong>ASANA CARDS THE MOON EDITION EXTENSION\u00a0<\/strong>to:<br \/>\n-35 yoga poses<br \/>\n-5 breathing techniques<br \/>\n-10 yoga theme sequences<br \/>\n-5 meditation techniques<br \/>\n-A tab with an index of all categories and items<\/p>\n<div class=\"woocommerce-tabs wc-tabs-wrapper\">\n<div id=\"tab-description\" class=\"woocommerce-Tabs-panel woocommerce-Tabs-panel--description panel entry-content wc-tab\" role=\"tabpanel\" aria-labelledby=\"tab-title-description\">\n<div class=\"container\">\n<div class=\"gmail-woocommerce-product-details__short-description\">\n<p><strong>BUNDLE\u00a0<\/strong>Asana Cards Sun Edition &amp; Asana Cards Moon Edition expansion<\/p>\n<\/div>\n<p>Each card on the front has an illustration of the yoga pose selected and its Sanskrit name, and on the back, information about its benefits, and step-by-step instructions, modifications, and contraindications. The cards are numbered and divided into categories.<br \/>\nYou can use a ready-made thematic sequence or create your own.<\/p>\n<div class=\"gmail-woocommerce-product-details__short-description\">\n<p>Asana Cards Sun Edition to talia 61 kart z pi\u0119knymi ilustracjami przedstawiaj\u0105cymi pozycje jogi oraz techniki oddechowe. S\u0105 one znakomitym narz\u0119dziem do nauki podstawowych pozycji jogi oraz uk\u0142adania w\u0142asnej sekwencji \u0107wicze\u0144. To doskona\u0142e rozwi\u0105zanie dla tych, kt\u00f3rzy rozpoczynaj\u0105 swoj\u0105 przygod\u0119 z jog\u0105, chc\u0105 poszerzy\u0107 swoj\u0105 wiedz\u0119 z tej dziedziny lub odbywaj\u0105 kurs na instruktora jogi.<\/p>\n<\/div>\n<div class=\"gmail-woocommerce-tabs gmail-wc-tabs-wrapper\">\n<div id=\"gmail-tab-description\" class=\"gmail-woocommerce-Tabs-panel gmail-woocommerce-Tabs-panel--description gmail-panel entry-content gmail-wc-tab\" role=\"tabpanel\" aria-labelledby=\"tab-title-description\">\n<div class=\"gmail-container\">\n<p><strong>Asana Cards SUN EDITION\u00a0<\/strong>to:<br \/>\n55 pozycji jogi<br \/>\n3 techniki oddechowe<br \/>\n4 sekwencje tematyczne jogi<br \/>\nkarta z indeksem wszystkich kategorii i pozycji<\/p>\n<\/div>\n<\/div>\n<\/div>\n<p>Asana Cards Rozszerzenie Moon Edition to talia 51 kart z ilustracjami przedstawiaj\u0105cymi nowe pozycje jogi, techniki oddechowe oraz medytacyjne. Ponadto zosta\u0142a wzbogacona o 10 nowych sekwencji jogi. S\u0105 one kontynuacj\u0105 Asana Cards Sun Edition. To\u00a0znakomite narz\u0119dzie do nauki podstawowych i zaawansowanych pozycji jogi oraz uk\u0142adania w\u0142asnej sekwencji \u0107wicze\u0144.<\/p>\n<p><strong>Asana Cards ROZSZERZENIE\u00a0<\/strong>to:<br \/>\n35 pozycji jogi<br \/>\n5 technik oddechowych<br \/>\n10 sekwencji tematycznych jogi<br \/>\n5 technik medytacyjnych<br \/>\nKarta z indeksem wszystkich kategorii i pozycji<\/p>\n<\/div>\n<\/div>\n<p>&nbsp;<\/p>\n<\/div>","protected":false},"excerpt":{"rendered":"<div class=\"woocommerce-product-details__short-description\">\n<p style=\"text-align: center;\"><strong>BUNDLE<\/strong> Asana Cards Sun Edition &amp; Asana Cards Moon Edition expansion<\/p>\n<\/div>\n<p style=\"text-align: center;\">Each card on the front has an illustration of the yoga pose selected and its Sanskrit name, and on the back, information about its benefits, and step-by-step instructions, modifications, and contraindications. The cards are numbered and divided into categories.<br \/>\nYou can use a ready-made thematic sequence or create your own.<\/p>","protected":false},"featured_media":8865,"template":"","meta":[],"product_brand":[],"product_cat":[160],"product_tag":[144],"class_list":{"0":"post-4518","1":"product","2":"type-product","3":"status-publish","4":"has-post-thumbnail","6":"product_cat-karty","7":"product_tag-karty-joga","9":"first","10":"instock","11":"taxable","12":"shipping-taxable","13":"purchasable","14":"product-type-simple","15":"layout-style-1","16":"col-md-4 col-sm-4 col-xs-6","17":"col-lg-3","18":"product-has-gallery","19":"product-style-default"},"_links":{"self":[{"href":"https:\/\/asanacreatives.com\/en\/wp-json\/wp\/v2\/product\/4518","targetHints":{"allow":["GET"]}}],"collection":[{"href":"https:\/\/asanacreatives.com\/en\/wp-json\/wp\/v2\/product"}],"about":[{"href":"https:\/\/asanacreatives.com\/en\/wp-json\/wp\/v2\/types\/product"}],"version-history":[{"count":2,"href":"https:\/\/asanacreatives.com\/en\/wp-json\/wp\/v2\/product\/4518\/revisions"}],"predecessor-version":[{"id":7160,"href":"https:\/\/asanacreatives.com\/en\/wp-json\/wp\/v2\/product\/4518\/revisions\/7160"}],"wp:featuredmedia":[{"embeddable":true,"href":"https:\/\/asanacreatives.com\/en\/wp-json\/wp\/v2\/media\/8865"}],"wp:attachment":[{"href":"https:\/\/asanacreatives.com\/en\/wp-json\/wp\/v2\/media?parent=4518"}],"wp:term":[{"taxonomy":"product_brand","embeddable":true,"href":"https:\/\/asanacreatives.com\/en\/wp-json\/wp\/v2\/product_brand?post=4518"},{"taxonomy":"product_cat","embeddable":true,"href":"https:\/\/asanacreatives.com\/en\/wp-json\/wp\/v2\/product_cat?post=4518"},{"taxonomy":"product_tag","embeddable":true,"href":"https:\/\/asanacreatives.com\/en\/wp-json\/wp\/v2\/product_tag?post=4518"}],"curies":[{"name":"wp","href":"https:\/\/api.w.org\/{rel}","templated":true}]}}