{"id":7254,"date":"2022-11-22T11:41:48","date_gmt":"2022-11-22T11:41:48","guid":{"rendered":"https:\/\/asanacreatives.com\/?post_type=product&#038;p=7254"},"modified":"2026-04-16T11:52:01","modified_gmt":"2026-04-16T11:52:01","slug":"karty-afirmacyjne-dla-ciala-i-umyslu","status":"publish","type":"product","link":"https:\/\/asanacreatives.com\/en\/store\/karty\/karty-afirmacyjne-dla-ciala-i-umyslu\/","title":{"rendered":"Self-care Affirmation Cards - polish version"},"content":{"rendered":"<p>KARTY AFIRMACYJNE DLA CIA\u0141A I UMYS\u0141U<\/p>\n<p>Karty afirmacyjne to talia 40 kart z pi\u0119knymi ilustracjami przedstawiaj\u0105ce afirmacje dla cia\u0142a i umys\u0142u.<\/p>\n<p>Pozytywne afirmacje buduj\u0105 wewn\u0119trzn\u0105 si\u0142\u0119, wzmacniaj\u0105\u00a0poczucie w\u0142asnej warto\u015bci i pozwalaj\u0105 piel\u0119gnowa\u0107 mi\u0142o\u015b\u0107 do siebie.<\/p>\n<p>Dlaczego karty afirmacyjne?<br \/>\n\u2013 b\u0119dzie Ci \u0142atwiej si\u0119 zmotywowa\u0107 do codziennego samorozwoju<br \/>\n\u2013 zbudujesz nawyk po\u015bwi\u0119cania sobie chwili w ci\u0105gu dnia<br \/>\n\u2013 zyskasz nowe narz\u0119dzie do \u0142apania balansu w zaganianym \u015bwiecie<\/p>\n<p>Na przedniej stronie karty znajduje si\u0119 pozytywna afirmacja, kt\u00f3r\u0105 mo\u017cesz zinterpretowa\u0107 po swojemu.<br \/>\nMo\u017cesz te\u017c znale\u017a\u0107 bardziej szczeg\u00f3\u0142owe informacje na jej temat na odwrocie.<\/p>\n<p>Korzy\u015bci p\u0142yn\u0105ce z afirmacji:<br \/>\n\u00b7zmniejszenie uczucia l\u0119ku<br \/>\n\u00b7roz\u0142adowanie stresu<br \/>\n\u00b7wzmocnienie poczucia w\u0142asnej warto\u015bci<br \/>\n\u00b7zwi\u0119kszenie poczucia szcz\u0119\u015bcia<br \/>\n\u00b7poprawa snu<br \/>\n\u00b7wzmocnienie motywacji i orientacji na cele<\/p>","protected":false},"excerpt":{"rendered":"<p>Karty afirmacyjne to talia 40 kart z pi\u0119knymi ilustracjami przedstawiaj\u0105ce afirmacje dla cia\u0142a i umys\u0142u.<\/p>\n<p>Pozytywne afirmacje buduj\u0105 wewn\u0119trzn\u0105 si\u0142\u0119, wzmacniaj\u0105\u00a0poczucie w\u0142asnej warto\u015bci i pozwalaj\u0105 piel\u0119gnowa\u0107 mi\u0142o\u015b\u0107 do siebie.<\/p>\n<p>Na przedniej stronie karty znajduje si\u0119 pozytywna afirmacja, kt\u00f3r\u0105 mo\u017cesz zinterpretowa\u0107 po swojemu.<br \/>\nMo\u017cesz te\u017c znale\u017a\u0107 bardziej szczeg\u00f3\u0142owe informacje na jej temat na odwrocie.<\/p>\n<p>Korzy\u015bci p\u0142yn\u0105ce z afirmacji:<br \/>\n\u00b7zmniejszenie uczucia l\u0119ku<br \/>\n\u00b7roz\u0142adowanie stresu<br \/>\n\u00b7wzmocnienie poczucia w\u0142asnej warto\u015bci<br \/>\n\u00b7zwi\u0119kszenie poczucia szcz\u0119\u015bcia<br \/>\n\u00b7poprawa snu<br \/>\n\u00b7wzmocnienie motywacji i orientacji na cele<\/p>","protected":false},"featured_media":8820,"template":"","meta":[],"product_brand":[],"product_cat":[160],"product_tag":[144],"class_list":{"0":"post-7254","1":"product","2":"type-product","3":"status-publish","4":"has-post-thumbnail","6":"product_cat-karty","7":"product_tag-karty-joga","9":"first","10":"onbackorder","11":"taxable","12":"shipping-taxable","13":"purchasable","14":"product-type-simple","15":"layout-style-1","16":"col-md-4 col-sm-4 col-xs-6","17":"col-lg-3","18":"product-has-gallery","19":"product-style-default"},"_links":{"self":[{"href":"https:\/\/asanacreatives.com\/en\/wp-json\/wp\/v2\/product\/7254","targetHints":{"allow":["GET"]}}],"collection":[{"href":"https:\/\/asanacreatives.com\/en\/wp-json\/wp\/v2\/product"}],"about":[{"href":"https:\/\/asanacreatives.com\/en\/wp-json\/wp\/v2\/types\/product"}],"version-history":[{"count":2,"href":"https:\/\/asanacreatives.com\/en\/wp-json\/wp\/v2\/product\/7254\/revisions"}],"predecessor-version":[{"id":8751,"href":"https:\/\/asanacreatives.com\/en\/wp-json\/wp\/v2\/product\/7254\/revisions\/8751"}],"wp:featuredmedia":[{"embeddable":true,"href":"https:\/\/asanacreatives.com\/en\/wp-json\/wp\/v2\/media\/8820"}],"wp:attachment":[{"href":"https:\/\/asanacreatives.com\/en\/wp-json\/wp\/v2\/media?parent=7254"}],"wp:term":[{"taxonomy":"product_brand","embeddable":true,"href":"https:\/\/asanacreatives.com\/en\/wp-json\/wp\/v2\/product_brand?post=7254"},{"taxonomy":"product_cat","embeddable":true,"href":"https:\/\/asanacreatives.com\/en\/wp-json\/wp\/v2\/product_cat?post=7254"},{"taxonomy":"product_tag","embeddable":true,"href":"https:\/\/asanacreatives.com\/en\/wp-json\/wp\/v2\/product_tag?post=7254"}],"curies":[{"name":"wp","href":"https:\/\/api.w.org\/{rel}","templated":true}]}}