{"id":7925,"date":"2023-06-05T10:10:33","date_gmt":"2023-06-05T10:10:33","guid":{"rendered":"https:\/\/asanacreatives.com\/?post_type=product&#038;p=7925"},"modified":"2026-04-02T12:22:37","modified_gmt":"2026-04-02T12:22:37","slug":"asana-flow-pants-onyx","status":"publish","type":"product","link":"https:\/\/asanacreatives.com\/en\/store\/spodnie\/asana-flow-pants-onyx\/","title":{"rendered":"Asana Flow Pants &#8211; Onyx"},"content":{"rendered":"<p>Asana Flow Pants to spodnie<span style=\"font-size: 1.4rem;\">\u00a0zaprojektowane z my\u015bl\u0105 o praktyce jogi, ale r\u00f3wnie\u017c idealnie pasuj\u0105 do codziennych aktywno\u015bci. Ich dopasowanie do cia\u0142a i utrzymanie kszta\u0142tu gwarantuj\u0105 swobod\u0119 ruchu, jednocze\u015bnie zachowuj\u0105c stylowy wygl\u0105d.<\/span><\/p>\n<div class=\"group w-full text-gray-800 dark:text-gray-100 border-b border-black\/10 dark:border-gray-900\/50 bg-gray-50 dark:bg-[#444654]\">\n<div class=\"flex p-4 gap-4 text-base md:gap-6 md:max-w-2xl lg:max-w-xl xl:max-w-3xl md:py-6 lg:px-0 m-auto\">\n<div class=\"relative flex w-[calc(100%-50px)] flex-col gap-1 md:gap-3 lg:w-[calc(100%-115px)]\">\n<div class=\"flex flex-grow flex-col gap-3\">\n<div class=\"min-h-[20px] flex flex-col items-start gap-4 whitespace-pre-wrap break-words\">\n<div class=\"markdown prose w-full break-words dark:prose-invert light\">\n<p>Wykonane z lekkiej i zwiewnej konstrukcji, ASANA FLOW PANTS zapewniaj\u0105 poczucie swobody i komfortu. Materia\u0142 z ro\u015blinnej wiskozy z dodatkiem elastanu jest przyjemny w dotyku, mi\u0119kki i przewiewny, zapewniaj\u0105c wygod\u0119 w noszeniu.<\/p>\n<p>Te spodnie s\u0105 uniwersalne. Doskonale sprawdzaj\u0105 si\u0119 podczas sesji jogi, umo\u017cliwiaj\u0105c pe\u0142ne eksplorowanie ruchu. Jednak ich stylowy design i wygoda sprawiaj\u0105, \u017ce \u015bwietnie pasuj\u0105 r\u00f3wnie\u017c do codziennych aktywno\u015bci.<\/p>\n<p>ASANA FLOW PANTS s\u0105 stworzone z wysokiej jako\u015bci materia\u0142\u00f3w, co gwarantuje trwa\u0142o\u015b\u0107 i d\u0142ugotrwa\u0142e zadowolenie z ich u\u017cytkowania.<\/p>\n<p>Poczuj si\u0119 swobodnie i komfortowo w ASANA FLOW PANTS, kt\u00f3re \u0142\u0105cz\u0105 wygod\u0119 z ponadczasowym stylem.<\/p>\n<p>&nbsp;<\/p>\n<p>Sk\u0142ad:<\/p>\n<p>94% ro\u015blinna wiskoza, 6% elastan<\/p>\n<p>&nbsp;<\/p>\n<p>Dzianina posiada\u00a0certyfikat\u00a0<strong>STANDARD\u00a0100 by Oeko-Tex<sup><em>\u00ae<\/em><\/sup><\/strong>, kt\u00f3ry jest jednym z najbardziej wiod\u0105cych znak\u00f3w bezpiecze\u0144stwa. Oznacza to, \u017ce dzianina zosta\u0142a przebadana, jest wolna od wszelkich szkodliwych substancji i nie ma negatywnego wp\u0142ywu na cz\u0142owieka. W ca\u0142o\u015bci jest wytworzona w Polsce.<\/p>\n<p>G\u0142\u00f3wne zalety produkcji ro\u015blinnej wiskozy to produkcja przyjazna \u015brodowisku oraz certyfikowana odpowiedzialno\u015b\u0107 ekologiczna.<\/p>\n<\/div>\n<\/div>\n<p>ASANA FLOW PANTS s\u0105 produktem wytworzonym w Polsce, kt\u00f3re s\u0105 szyte w lokalnej szwalni pod Lublinem.<\/p>\n<\/div>\n<div class=\"flex justify-between lg:block\">\n<div class=\"text-gray-400 flex self-end lg:self-center justify-center mt-2 gap-2 md:gap-3 lg:gap-1 lg:absolute lg:top-0 lg:translate-x-full lg:right-0 lg:mt-0 lg:pl-2 visible\">\n<p>&nbsp;<\/p>\n<div class=\"flex gap-1\"><\/div>\n<\/div>\n<\/div>\n<\/div>\n<\/div>\n<\/div>\n<p>&nbsp;<\/p>\n","protected":false},"excerpt":{"rendered":"<p><span style=\"font-size: 1.4rem; color: #7c7c80;\">ASANA FLOW PANTS are pants designed for yoga practice, but they are also perfect for everyday activities. Their fit and shape  guarantee freedom of movement while maintaining a stylish look.<\/span><\/p>","protected":false},"featured_media":8797,"template":"","meta":[],"product_brand":[],"product_cat":[161],"product_tag":[159],"class_list":{"0":"post-7925","1":"product","2":"type-product","3":"status-publish","4":"has-post-thumbnail","6":"product_cat-spodnie","7":"product_tag-spodnie","9":"first","10":"instock","11":"taxable","12":"shipping-taxable","13":"purchasable","14":"product-type-variable","15":"layout-style-1","16":"col-md-4 col-sm-4 col-xs-6","17":"col-lg-3","18":"product-has-gallery","19":"product-style-default"},"_links":{"self":[{"href":"https:\/\/asanacreatives.com\/en\/wp-json\/wp\/v2\/product\/7925","targetHints":{"allow":["GET"]}}],"collection":[{"href":"https:\/\/asanacreatives.com\/en\/wp-json\/wp\/v2\/product"}],"about":[{"href":"https:\/\/asanacreatives.com\/en\/wp-json\/wp\/v2\/types\/product"}],"version-history":[{"count":2,"href":"https:\/\/asanacreatives.com\/en\/wp-json\/wp\/v2\/product\/7925\/revisions"}],"predecessor-version":[{"id":8800,"href":"https:\/\/asanacreatives.com\/en\/wp-json\/wp\/v2\/product\/7925\/revisions\/8800"}],"wp:featuredmedia":[{"embeddable":true,"href":"https:\/\/asanacreatives.com\/en\/wp-json\/wp\/v2\/media\/8797"}],"wp:attachment":[{"href":"https:\/\/asanacreatives.com\/en\/wp-json\/wp\/v2\/media?parent=7925"}],"wp:term":[{"taxonomy":"product_brand","embeddable":true,"href":"https:\/\/asanacreatives.com\/en\/wp-json\/wp\/v2\/product_brand?post=7925"},{"taxonomy":"product_cat","embeddable":true,"href":"https:\/\/asanacreatives.com\/en\/wp-json\/wp\/v2\/product_cat?post=7925"},{"taxonomy":"product_tag","embeddable":true,"href":"https:\/\/asanacreatives.com\/en\/wp-json\/wp\/v2\/product_tag?post=7925"}],"curies":[{"name":"wp","href":"https:\/\/api.w.org\/{rel}","templated":true}]}}