{"id":9431,"date":"2024-11-21T11:15:16","date_gmt":"2024-11-21T11:15:16","guid":{"rendered":"https:\/\/asanacreatives.com\/?post_type=product&#038;p=9431"},"modified":"2026-04-10T07:07:37","modified_gmt":"2026-04-10T07:07:37","slug":"kadzidla-palo-santo","status":"publish","type":"product","link":"https:\/\/asanacreatives.com\/en\/store\/rytualy\/kadzidla-palo-santo\/","title":{"rendered":"Palo Santo Incense"},"content":{"rendered":"<p>Palo Santo to kadzid\u0142o premium, wykonane z \u017cywicy drzewa <em>Bursera graveolens.\u00a0<\/em>Pochodz\u0105ce z Ameryki Po\u0142udniowej, kadzid\u0142a te znane s\u0105 od wiek\u00f3w z w\u0142a\u015bciwo\u015bci oczyszczaj\u0105cych i leczniczych.<\/p>\n<p>Palo Santo, czyli &#8222;\u015bwi\u0119te drzewo&#8221; by\u0142o wykorzystywane przez rdzennych mieszka\u0144c\u00f3w w rytua\u0142ach oraz medytacji, aby przywr\u00f3ci\u0107 harmoni\u0119 i r\u00f3wnowag\u0119 w przestrzeni.<\/p>\n<p>W zestawie: 10 patyczk\u00f3w kadzide\u0142 Palo Santo<\/p>","protected":false},"excerpt":{"rendered":"<p>Palo Santo to kadzid\u0142o premium, wykonane z \u017cywicy drzewa Bursera graveolens.\u00a0Pochodz\u0105ce z Ameryki Po\u0142udniowej, kadzid\u0142a te znane s\u0105 od wiek\u00f3w z w\u0142a\u015bciwo\u015bci oczyszczaj\u0105cych i leczniczych. Palo Santo, czyli &#8222;\u015bwi\u0119te drzewo&#8221;&hellip;<\/p>","protected":false},"featured_media":9433,"template":"","meta":[],"product_brand":[],"product_cat":[165],"product_tag":[142],"class_list":{"0":"post-9431","1":"product","2":"type-product","3":"status-publish","4":"has-post-thumbnail","6":"product_cat-rytualy","7":"product_tag-rytualy","9":"first","10":"instock","11":"taxable","12":"shipping-taxable","13":"purchasable","14":"product-type-simple","15":"layout-style-1","16":"col-md-4 col-sm-4 col-xs-6","17":"col-lg-3","18":"product-has-gallery","19":"product-style-default"},"_links":{"self":[{"href":"https:\/\/asanacreatives.com\/en\/wp-json\/wp\/v2\/product\/9431","targetHints":{"allow":["GET"]}}],"collection":[{"href":"https:\/\/asanacreatives.com\/en\/wp-json\/wp\/v2\/product"}],"about":[{"href":"https:\/\/asanacreatives.com\/en\/wp-json\/wp\/v2\/types\/product"}],"version-history":[{"count":2,"href":"https:\/\/asanacreatives.com\/en\/wp-json\/wp\/v2\/product\/9431\/revisions"}],"predecessor-version":[{"id":9509,"href":"https:\/\/asanacreatives.com\/en\/wp-json\/wp\/v2\/product\/9431\/revisions\/9509"}],"wp:featuredmedia":[{"embeddable":true,"href":"https:\/\/asanacreatives.com\/en\/wp-json\/wp\/v2\/media\/9433"}],"wp:attachment":[{"href":"https:\/\/asanacreatives.com\/en\/wp-json\/wp\/v2\/media?parent=9431"}],"wp:term":[{"taxonomy":"product_brand","embeddable":true,"href":"https:\/\/asanacreatives.com\/en\/wp-json\/wp\/v2\/product_brand?post=9431"},{"taxonomy":"product_cat","embeddable":true,"href":"https:\/\/asanacreatives.com\/en\/wp-json\/wp\/v2\/product_cat?post=9431"},{"taxonomy":"product_tag","embeddable":true,"href":"https:\/\/asanacreatives.com\/en\/wp-json\/wp\/v2\/product_tag?post=9431"}],"curies":[{"name":"wp","href":"https:\/\/api.w.org\/{rel}","templated":true}]}}