{"id":9435,"date":"2024-11-21T11:51:51","date_gmt":"2024-11-21T11:51:51","guid":{"rendered":"https:\/\/asanacreatives.com\/?post_type=product&#038;p=9435"},"modified":"2026-03-02T08:15:13","modified_gmt":"2026-03-02T08:15:13","slug":"kadzidla-balck-copal","status":"publish","type":"product","link":"https:\/\/asanacreatives.com\/en\/store\/rytualy\/kadzidla-balck-copal\/","title":{"rendered":"Black Copal Incense"},"content":{"rendered":"<p>Czarny Copal to kadzid\u0142o premium, wykonane r\u0119cznie z \u017cywicy peruwia\u0144skiego Czarnego Copalu, znane tak\u017ce jako <strong>Copal Maj\u00f3w.<\/strong><\/p>\n<p>Jego tradycja si\u0119ga czas\u00f3w cywilizacji Maj\u00f3w i Aztek\u00f3w, kt\u00f3re wykorzystywa\u0142y go w obrz\u0119dach i rytua\u0142ach.<\/p>\n<p>Palenie czarnego kopalu oczyszcza przestrze\u0144 z negatywnych wp\u0142yw\u00f3w, przywracaj\u0105c harmoni\u0119 i jasno\u015b\u0107 umys\u0142u.<\/p>\n<p>W zestawie: 10 patyczk\u00f3w kadzide\u0142 Black Copal<\/p>","protected":false},"excerpt":{"rendered":"<p>Czarny Copal to kadzid\u0142o premium, wykonane r\u0119cznie z \u017cywicy peruwia\u0144skiego Czarnego Copalu, znane tak\u017ce jako Copal Maj\u00f3w. Jego tradycja si\u0119ga czas\u00f3w cywilizacji Maj\u00f3w i Aztek\u00f3w, kt\u00f3re wykorzystywa\u0142y go w obrz\u0119dach&hellip;<\/p>","protected":false},"featured_media":9438,"template":"","meta":[],"product_brand":[],"product_cat":[165],"product_tag":[142],"class_list":{"0":"post-9435","1":"product","2":"type-product","3":"status-publish","4":"has-post-thumbnail","6":"product_cat-rytualy","7":"product_tag-rytualy","9":"first","10":"instock","11":"taxable","12":"shipping-taxable","13":"purchasable","14":"product-type-simple","15":"layout-style-1","16":"col-md-4 col-sm-4 col-xs-6","17":"col-lg-3","18":"product-has-gallery","19":"product-style-default"},"_links":{"self":[{"href":"https:\/\/asanacreatives.com\/en\/wp-json\/wp\/v2\/product\/9435","targetHints":{"allow":["GET"]}}],"collection":[{"href":"https:\/\/asanacreatives.com\/en\/wp-json\/wp\/v2\/product"}],"about":[{"href":"https:\/\/asanacreatives.com\/en\/wp-json\/wp\/v2\/types\/product"}],"version-history":[{"count":1,"href":"https:\/\/asanacreatives.com\/en\/wp-json\/wp\/v2\/product\/9435\/revisions"}],"predecessor-version":[{"id":9436,"href":"https:\/\/asanacreatives.com\/en\/wp-json\/wp\/v2\/product\/9435\/revisions\/9436"}],"wp:featuredmedia":[{"embeddable":true,"href":"https:\/\/asanacreatives.com\/en\/wp-json\/wp\/v2\/media\/9438"}],"wp:attachment":[{"href":"https:\/\/asanacreatives.com\/en\/wp-json\/wp\/v2\/media?parent=9435"}],"wp:term":[{"taxonomy":"product_brand","embeddable":true,"href":"https:\/\/asanacreatives.com\/en\/wp-json\/wp\/v2\/product_brand?post=9435"},{"taxonomy":"product_cat","embeddable":true,"href":"https:\/\/asanacreatives.com\/en\/wp-json\/wp\/v2\/product_cat?post=9435"},{"taxonomy":"product_tag","embeddable":true,"href":"https:\/\/asanacreatives.com\/en\/wp-json\/wp\/v2\/product_tag?post=9435"}],"curies":[{"name":"wp","href":"https:\/\/api.w.org\/{rel}","templated":true}]}}