{"id":9943,"date":"2025-04-14T14:55:48","date_gmt":"2025-04-14T14:55:48","guid":{"rendered":"https:\/\/asanacreatives.com\/?post_type=product&#038;p=9943"},"modified":"2025-04-15T15:28:46","modified_gmt":"2025-04-15T15:28:46","slug":"scrunchie-stone","status":"publish","type":"product","link":"https:\/\/asanacreatives.com\/en\/store\/akcesoria\/scrunchie-stone\/","title":{"rendered":"Scrunchie Stone"},"content":{"rendered":"<p>Scrunchie uszyta z resztek materia\u0142u po produkcji naszych spodni Asana Flow Pants \u2013 z mi\u0119kkiej, oddychaj\u0105cej ro\u015blinnej wiskozy.<br \/>\nTo ma\u0142y krok w stron\u0119 bardziej przemy\u015blanej produkcji i niemarnowania surowc\u00f3w.<\/p>\n<p>Wykonana w Polsce.<br \/>\nZ tego samego materia\u0142u co spodnie \u2013 idealnie do nich pasuje.<br \/>\nPraktyczny dodatek do Twojej codziennej stylizacji.<\/p>","protected":false},"excerpt":{"rendered":"<p>Scrunchie uszyta z resztek materia\u0142u po produkcji naszych spodni Asana Flow Pants \u2013 z mi\u0119kkiej, oddychaj\u0105cej ro\u015blinnej wiskozy. To ma\u0142y krok w stron\u0119 bardziej przemy\u015blanej produkcji i niemarnowania surowc\u00f3w. Wykonana&hellip;<\/p>","protected":false},"featured_media":9944,"template":"","meta":[],"product_brand":[],"product_cat":[164],"product_tag":[],"class_list":{"0":"post-9943","1":"product","2":"type-product","3":"status-publish","4":"has-post-thumbnail","6":"product_cat-akcesoria","8":"first","9":"instock","10":"taxable","11":"shipping-taxable","12":"purchasable","13":"product-type-simple","14":"layout-style-1","15":"col-md-4 col-sm-4 col-xs-6","16":"col-lg-3","17":"product-style-default"},"_links":{"self":[{"href":"https:\/\/asanacreatives.com\/en\/wp-json\/wp\/v2\/product\/9943","targetHints":{"allow":["GET"]}}],"collection":[{"href":"https:\/\/asanacreatives.com\/en\/wp-json\/wp\/v2\/product"}],"about":[{"href":"https:\/\/asanacreatives.com\/en\/wp-json\/wp\/v2\/types\/product"}],"version-history":[{"count":2,"href":"https:\/\/asanacreatives.com\/en\/wp-json\/wp\/v2\/product\/9943\/revisions"}],"predecessor-version":[{"id":9947,"href":"https:\/\/asanacreatives.com\/en\/wp-json\/wp\/v2\/product\/9943\/revisions\/9947"}],"wp:featuredmedia":[{"embeddable":true,"href":"https:\/\/asanacreatives.com\/en\/wp-json\/wp\/v2\/media\/9944"}],"wp:attachment":[{"href":"https:\/\/asanacreatives.com\/en\/wp-json\/wp\/v2\/media?parent=9943"}],"wp:term":[{"taxonomy":"product_brand","embeddable":true,"href":"https:\/\/asanacreatives.com\/en\/wp-json\/wp\/v2\/product_brand?post=9943"},{"taxonomy":"product_cat","embeddable":true,"href":"https:\/\/asanacreatives.com\/en\/wp-json\/wp\/v2\/product_cat?post=9943"},{"taxonomy":"product_tag","embeddable":true,"href":"https:\/\/asanacreatives.com\/en\/wp-json\/wp\/v2\/product_tag?post=9943"}],"curies":[{"name":"wp","href":"https:\/\/api.w.org\/{rel}","templated":true}]}}